{"id":2897,"date":"2026-03-05T13:19:37","date_gmt":"2026-03-05T11:19:37","guid":{"rendered":"https:\/\/fotokopija.lt\/?post_type=product&#038;p=2897"},"modified":"2026-03-05T14:43:30","modified_gmt":"2026-03-05T12:43:30","slug":"foto-knyga-20-x-15","status":"publish","type":"product","link":"https:\/\/fotokopija.lt\/en\/produktas\/foto-knyga-20-x-15\/","title":{"rendered":"Foto knyga 20 x 15"},"content":{"rendered":"<p>Niekas m\u016bs\u0173 ned\u017eiugina labiau nei m\u016bs\u0173\u00a0 sukurtos knygos ir albumai. Primena mums brangias akimirkas, gr\u0105\u017eina mus trumpam \u012f praeit\u012f, padeda v\u0117l patiri malonias emocijas.<\/p>\n<table style=\"border-collapse: collapse; width: 100%; border-color: #e2e2e2;\" border=\"1\" width=\"100%\">\n<tbody>\n<tr style=\"height: 51px;\">\n<td style=\"height: 33px; width: 49.5336%;\"><strong>Lap\u0173 kiekis<\/strong><\/td>\n<td style=\"height: 33px; width: 49.9067%;\"><strong>Fotoknygos kaina, \u20ac<\/strong><\/td>\n<\/tr>\n<tr style=\"height: 23px;\">\n<td style=\"height: 23px; width: 49.5336%;\">10<\/td>\n<td style=\"height: 23px; width: 49.9067%;\">25.00<\/td>\n<\/tr>\n<tr style=\"height: 30px;\">\n<td style=\"width: 49.5336%; height: 30px;\">12<\/td>\n<td style=\"width: 49.9067%; height: 30px;\">29.00<\/td>\n<\/tr>\n<tr style=\"height: 30px;\">\n<td style=\"width: 49.5336%; height: 30px;\">14<\/td>\n<td style=\"width: 49.9067%; height: 30px;\">33.00<\/td>\n<\/tr>\n<tr style=\"height: 30px;\">\n<td style=\"width: 49.5336%; height: 30px;\">16<\/td>\n<td style=\"width: 49.9067%; height: 30px;\">37.00<\/td>\n<\/tr>\n<tr style=\"height: 10px;\">\n<td style=\"height: 10px; width: 49.5336%;\">18<\/td>\n<td style=\"height: 10px; width: 49.9067%;\">41.00<\/td>\n<\/tr>\n<tr style=\"height: 12px;\">\n<td style=\"height: 12px; width: 49.5336%;\">20<\/td>\n<td style=\"height: 12px; width: 49.9067%;\">45.00<\/td>\n<\/tr>\n<\/tbody>\n<\/table>\n","protected":false},"excerpt":{"rendered":"<p>Niekas m\u016bs\u0173 ned\u017eiugina labiau nei m\u016bs\u0173\u00a0 sukurtos knygos ir albumai. Primena mums brangias akimirkas, gr\u0105\u017eina mus trumpam \u012f praeit\u012f, padeda v\u0117l patiri malonias emocijas. Lap\u0173 kiekis Fotoknygos kaina, \u20ac 10 25.00 12 29.00 14 33.00 16 37.00 18 41.00 20 45.00<\/p>\n","protected":false},"featured_media":2749,"template":"","meta":{"_et_pb_use_builder":"","_et_pb_old_content":"","_et_gb_content_width":""},"product_brand":[],"product_cat":[35,46,45,57],"product_tag":[],"class_list":{"0":"post-2897","1":"product","2":"type-product","3":"status-publish","4":"has-post-thumbnail","6":"product_cat-foto-knygos","7":"product_cat-kietas-virselis-lygus-lapai","8":"product_cat-knygos-vaikams","9":"product_cat-produktai","11":"first","12":"instock","13":"taxable","14":"shipping-taxable","15":"purchasable","16":"product-type-simple"},"yoast_head":"<!-- This site is optimized with the Yoast SEO plugin v27.5 - https:\/\/yoast.com\/product\/yoast-seo-wordpress\/ -->\n<title>Foto knyga 20 x 15 - fotokopija.lt<\/title>\n<meta name=\"robots\" content=\"index, follow, max-snippet:-1, max-image-preview:large, max-video-preview:-1\" \/>\n<link rel=\"canonical\" href=\"https:\/\/fotokopija.lt\/en\/produktas\/foto-knyga-20-x-15\/\" \/>\n<meta property=\"og:locale\" content=\"en_US\" \/>\n<meta property=\"og:type\" content=\"article\" \/>\n<meta property=\"og:title\" content=\"Foto knyga 20 x 15 - fotokopija.lt\" \/>\n<meta property=\"og:description\" content=\"Niekas m\u016bs\u0173 ned\u017eiugina labiau nei m\u016bs\u0173\u00a0 sukurtos knygos ir albumai. Primena mums brangias akimirkas, gr\u0105\u017eina mus trumpam \u012f praeit\u012f, padeda v\u0117l patiri malonias emocijas. Lap\u0173 kiekis Fotoknygos kaina, \u20ac 10 25.00 12 29.00 14 33.00 16 37.00 18 41.00 20 45.00\" \/>\n<meta property=\"og:url\" content=\"https:\/\/fotokopija.lt\/en\/produktas\/foto-knyga-20-x-15\/\" \/>\n<meta property=\"og:site_name\" content=\"fotokopija.lt\" \/>\n<meta property=\"article:modified_time\" content=\"2026-03-05T12:43:30+00:00\" \/>\n<meta property=\"og:image\" content=\"https:\/\/fotokopija.lt\/wp-content\/uploads\/fotoknygos.webp\" \/>\n\t<meta property=\"og:image:width\" content=\"600\" \/>\n\t<meta property=\"og:image:height\" content=\"600\" \/>\n\t<meta property=\"og:image:type\" content=\"image\/webp\" \/>\n<meta name=\"twitter:card\" content=\"summary_large_image\" \/>\n<meta name=\"twitter:label1\" content=\"Est. reading time\" \/>\n\t<meta name=\"twitter:data1\" content=\"1 minute\" \/>\n<script type=\"application\/ld+json\" class=\"yoast-schema-graph\">{\"@context\":\"https:\\\/\\\/schema.org\",\"@graph\":[{\"@type\":\"WebPage\",\"@id\":\"https:\\\/\\\/fotokopija.lt\\\/en\\\/produktas\\\/foto-knyga-20-x-15\\\/\",\"url\":\"https:\\\/\\\/fotokopija.lt\\\/en\\\/produktas\\\/foto-knyga-20-x-15\\\/\",\"name\":\"Foto knyga 20 x 15 - fotokopija.lt\",\"isPartOf\":{\"@id\":\"https:\\\/\\\/fotokopija.lt\\\/en\\\/#website\"},\"primaryImageOfPage\":{\"@id\":\"https:\\\/\\\/fotokopija.lt\\\/en\\\/produktas\\\/foto-knyga-20-x-15\\\/#primaryimage\"},\"image\":{\"@id\":\"https:\\\/\\\/fotokopija.lt\\\/en\\\/produktas\\\/foto-knyga-20-x-15\\\/#primaryimage\"},\"thumbnailUrl\":\"https:\\\/\\\/fotokopija.lt\\\/wp-content\\\/uploads\\\/fotoknygos.webp\",\"datePublished\":\"2026-03-05T11:19:37+00:00\",\"dateModified\":\"2026-03-05T12:43:30+00:00\",\"breadcrumb\":{\"@id\":\"https:\\\/\\\/fotokopija.lt\\\/en\\\/produktas\\\/foto-knyga-20-x-15\\\/#breadcrumb\"},\"inLanguage\":\"en-US\",\"potentialAction\":[{\"@type\":\"ReadAction\",\"target\":[\"https:\\\/\\\/fotokopija.lt\\\/en\\\/produktas\\\/foto-knyga-20-x-15\\\/\"]}]},{\"@type\":\"ImageObject\",\"inLanguage\":\"en-US\",\"@id\":\"https:\\\/\\\/fotokopija.lt\\\/en\\\/produktas\\\/foto-knyga-20-x-15\\\/#primaryimage\",\"url\":\"https:\\\/\\\/fotokopija.lt\\\/wp-content\\\/uploads\\\/fotoknygos.webp\",\"contentUrl\":\"https:\\\/\\\/fotokopija.lt\\\/wp-content\\\/uploads\\\/fotoknygos.webp\",\"width\":600,\"height\":600},{\"@type\":\"BreadcrumbList\",\"@id\":\"https:\\\/\\\/fotokopija.lt\\\/en\\\/produktas\\\/foto-knyga-20-x-15\\\/#breadcrumb\",\"itemListElement\":[{\"@type\":\"ListItem\",\"position\":1,\"name\":\"Home\",\"item\":\"https:\\\/\\\/fotokopija.lt\\\/en\\\/\"},{\"@type\":\"ListItem\",\"position\":2,\"name\":\"Parduotuv\u0117\",\"item\":\"https:\\\/\\\/fotokopija.lt\\\/parduotuve\\\/\"},{\"@type\":\"ListItem\",\"position\":3,\"name\":\"Foto knyga 20 x 15\"}]},{\"@type\":\"WebSite\",\"@id\":\"https:\\\/\\\/fotokopija.lt\\\/en\\\/#website\",\"url\":\"https:\\\/\\\/fotokopija.lt\\\/en\\\/\",\"name\":\"fotokopija.lt\",\"description\":\"Fotopaslaugos \\\/ Fotoprek\u0117s\",\"potentialAction\":[{\"@type\":\"SearchAction\",\"target\":{\"@type\":\"EntryPoint\",\"urlTemplate\":\"https:\\\/\\\/fotokopija.lt\\\/en\\\/?s={search_term_string}\"},\"query-input\":{\"@type\":\"PropertyValueSpecification\",\"valueRequired\":true,\"valueName\":\"search_term_string\"}}],\"inLanguage\":\"en-US\"}]}<\/script>\n<!-- \/ Yoast SEO plugin. -->","yoast_head_json":{"title":"Foto knyga 20 x 15 - fotokopija.lt","robots":{"index":"index","follow":"follow","max-snippet":"max-snippet:-1","max-image-preview":"max-image-preview:large","max-video-preview":"max-video-preview:-1"},"canonical":"https:\/\/fotokopija.lt\/en\/produktas\/foto-knyga-20-x-15\/","og_locale":"en_US","og_type":"article","og_title":"Foto knyga 20 x 15 - fotokopija.lt","og_description":"Niekas m\u016bs\u0173 ned\u017eiugina labiau nei m\u016bs\u0173\u00a0 sukurtos knygos ir albumai. Primena mums brangias akimirkas, gr\u0105\u017eina mus trumpam \u012f praeit\u012f, padeda v\u0117l patiri malonias emocijas. Lap\u0173 kiekis Fotoknygos kaina, \u20ac 10 25.00 12 29.00 14 33.00 16 37.00 18 41.00 20 45.00","og_url":"https:\/\/fotokopija.lt\/en\/produktas\/foto-knyga-20-x-15\/","og_site_name":"fotokopija.lt","article_modified_time":"2026-03-05T12:43:30+00:00","og_image":[{"width":600,"height":600,"url":"https:\/\/fotokopija.lt\/wp-content\/uploads\/fotoknygos.webp","type":"image\/webp"}],"twitter_card":"summary_large_image","twitter_misc":{"Est. reading time":"1 minute"},"schema":{"@context":"https:\/\/schema.org","@graph":[{"@type":"WebPage","@id":"https:\/\/fotokopija.lt\/en\/produktas\/foto-knyga-20-x-15\/","url":"https:\/\/fotokopija.lt\/en\/produktas\/foto-knyga-20-x-15\/","name":"Foto knyga 20 x 15 - fotokopija.lt","isPartOf":{"@id":"https:\/\/fotokopija.lt\/en\/#website"},"primaryImageOfPage":{"@id":"https:\/\/fotokopija.lt\/en\/produktas\/foto-knyga-20-x-15\/#primaryimage"},"image":{"@id":"https:\/\/fotokopija.lt\/en\/produktas\/foto-knyga-20-x-15\/#primaryimage"},"thumbnailUrl":"https:\/\/fotokopija.lt\/wp-content\/uploads\/fotoknygos.webp","datePublished":"2026-03-05T11:19:37+00:00","dateModified":"2026-03-05T12:43:30+00:00","breadcrumb":{"@id":"https:\/\/fotokopija.lt\/en\/produktas\/foto-knyga-20-x-15\/#breadcrumb"},"inLanguage":"en-US","potentialAction":[{"@type":"ReadAction","target":["https:\/\/fotokopija.lt\/en\/produktas\/foto-knyga-20-x-15\/"]}]},{"@type":"ImageObject","inLanguage":"en-US","@id":"https:\/\/fotokopija.lt\/en\/produktas\/foto-knyga-20-x-15\/#primaryimage","url":"https:\/\/fotokopija.lt\/wp-content\/uploads\/fotoknygos.webp","contentUrl":"https:\/\/fotokopija.lt\/wp-content\/uploads\/fotoknygos.webp","width":600,"height":600},{"@type":"BreadcrumbList","@id":"https:\/\/fotokopija.lt\/en\/produktas\/foto-knyga-20-x-15\/#breadcrumb","itemListElement":[{"@type":"ListItem","position":1,"name":"Home","item":"https:\/\/fotokopija.lt\/en\/"},{"@type":"ListItem","position":2,"name":"Parduotuv\u0117","item":"https:\/\/fotokopija.lt\/parduotuve\/"},{"@type":"ListItem","position":3,"name":"Foto knyga 20 x 15"}]},{"@type":"WebSite","@id":"https:\/\/fotokopija.lt\/en\/#website","url":"https:\/\/fotokopija.lt\/en\/","name":"fotokopija.lt","description":"Fotopaslaugos \/ Fotoprek\u0117s","potentialAction":[{"@type":"SearchAction","target":{"@type":"EntryPoint","urlTemplate":"https:\/\/fotokopija.lt\/en\/?s={search_term_string}"},"query-input":{"@type":"PropertyValueSpecification","valueRequired":true,"valueName":"search_term_string"}}],"inLanguage":"en-US"}]}},"_links":{"self":[{"href":"https:\/\/fotokopija.lt\/en\/wp-json\/wp\/v2\/product\/2897","targetHints":{"allow":["GET"]}}],"collection":[{"href":"https:\/\/fotokopija.lt\/en\/wp-json\/wp\/v2\/product"}],"about":[{"href":"https:\/\/fotokopija.lt\/en\/wp-json\/wp\/v2\/types\/product"}],"wp:featuredmedia":[{"embeddable":true,"href":"https:\/\/fotokopija.lt\/en\/wp-json\/wp\/v2\/media\/2749"}],"wp:attachment":[{"href":"https:\/\/fotokopija.lt\/en\/wp-json\/wp\/v2\/media?parent=2897"}],"wp:term":[{"taxonomy":"product_brand","embeddable":true,"href":"https:\/\/fotokopija.lt\/en\/wp-json\/wp\/v2\/product_brand?post=2897"},{"taxonomy":"product_cat","embeddable":true,"href":"https:\/\/fotokopija.lt\/en\/wp-json\/wp\/v2\/product_cat?post=2897"},{"taxonomy":"product_tag","embeddable":true,"href":"https:\/\/fotokopija.lt\/en\/wp-json\/wp\/v2\/product_tag?post=2897"}],"curies":[{"name":"wp","href":"https:\/\/api.w.org\/{rel}","templated":true}]}}