{"id":2731,"date":"2025-11-24T16:19:37","date_gmt":"2025-11-24T14:19:37","guid":{"rendered":"https:\/\/fotokopija.lt\/?post_type=product&#038;p=2731"},"modified":"2026-02-07T14:09:02","modified_gmt":"2026-02-07T12:09:02","slug":"fotoknyga-21x21","status":"publish","type":"product","link":"https:\/\/fotokopija.lt\/en\/produktas\/fotoknyga-21x21\/","title":{"rendered":"Foto knyga 21&#215;21"},"content":{"rendered":"<p>Niekas m\u016bs\u0173 ned\u017eiugina labiau nei m\u016bs\u0173\u00a0 sukurtos knygos ir albumai. Primena mums brangias akimirkas, gr\u0105\u017eina mus trumpam \u012f praeit\u012f, padeda v\u0117l patiri malonias emocijas.<\/p>\n<table style=\"border-collapse: collapse; width: 100%; border-color: #e2e2e2;\" border=\"1\">\n<tbody>\n<tr>\n<td style=\"width: 50%; border-color: #e2e2e2; padding-left: 20px; background-color: #f6f6f6;\"><strong>Lap\u0173 kiekis<\/strong><\/td>\n<td style=\"width: 50%; border-color: #e2e2e2; padding-left: 20px; background-color: #f6f6f6;\"><strong>Fotoknygos kaina, \u20ac<\/strong><\/td>\n<\/tr>\n<tr>\n<td style=\"width: 50%border-color: #e2e2e2; padding-left: 20px;\">12<\/td>\n<td style=\"width: 50%; border-color: #e2e2e2; padding-left: 20px;\">48.00<\/td>\n<\/tr>\n<tr>\n<td style=\"width: 50%; border-color: #e2e2e2; padding-left: 20px;\">14<\/td>\n<td style=\"width: 50%; border-color: #e2e2e2; padding-left: 20px;\">52.00<\/td>\n<\/tr>\n<tr>\n<td style=\"width: 50%; border-color: #e2e2e2; padding-left: 20px;\">16<\/td>\n<td style=\"width: 50%; border-color: #e2e2e2; padding-left: 20px;\">60.00<\/td>\n<\/tr>\n<tr>\n<td style=\"width: 50%; border-color: #e2e2e2; padding-left: 20px;\">18<\/td>\n<td style=\"width: 50%; border-color: #e2e2e2; padding-left: 20px;\">68.00<\/td>\n<\/tr>\n<tr>\n<td style=\"width: 50%; border-color: #e2e2e2; padding-left: 20px;\">20<\/td>\n<td style=\"width: 50%; border-color: #e2e2e2; padding-left: 20px;\">76.00<\/td>\n<\/tr>\n<\/tbody>\n<\/table>\n<p>&nbsp;<\/p>\n","protected":false},"excerpt":{"rendered":"<p>Niekas m\u016bs\u0173 ned\u017eiugina labiau nei m\u016bs\u0173\u00a0 sukurtos knygos ir albumai. Primena mums brangias akimirkas, gr\u0105\u017eina mus trumpam \u012f praeit\u012f, padeda v\u0117l patiri malonias emocijas. Lap\u0173 kiekis Fotoknygos kaina, \u20ac 12 48.00 14 52.00 16 60.00 18 68.00 20 76.00 &nbsp;<\/p>\n","protected":false},"featured_media":2744,"template":"","meta":{"_et_pb_use_builder":"","_et_pb_old_content":"","_et_gb_content_width":""},"product_brand":[],"product_cat":[46],"product_tag":[],"class_list":{"0":"post-2731","1":"product","2":"type-product","3":"status-publish","4":"has-post-thumbnail","6":"product_cat-kietas-virselis-lygus-lapai","8":"first","9":"instock","10":"taxable","11":"shipping-taxable","12":"purchasable","13":"product-type-simple"},"yoast_head":"<!-- This site is optimized with the Yoast SEO plugin v27.5 - https:\/\/yoast.com\/product\/yoast-seo-wordpress\/ -->\n<title>Foto knyga 21x21 - fotokopija.lt<\/title>\n<meta name=\"robots\" content=\"index, follow, max-snippet:-1, max-image-preview:large, max-video-preview:-1\" \/>\n<link rel=\"canonical\" href=\"https:\/\/fotokopija.lt\/en\/produktas\/fotoknyga-21x21\/\" \/>\n<meta property=\"og:locale\" content=\"en_US\" \/>\n<meta property=\"og:type\" content=\"article\" \/>\n<meta property=\"og:title\" content=\"Foto knyga 21x21 - fotokopija.lt\" \/>\n<meta property=\"og:description\" content=\"Niekas m\u016bs\u0173 ned\u017eiugina labiau nei m\u016bs\u0173\u00a0 sukurtos knygos ir albumai. Primena mums brangias akimirkas, gr\u0105\u017eina mus trumpam \u012f praeit\u012f, padeda v\u0117l patiri malonias emocijas. Lap\u0173 kiekis Fotoknygos kaina, \u20ac 12 48.00 14 52.00 16 60.00 18 68.00 20 76.00 &nbsp;\" \/>\n<meta property=\"og:url\" content=\"https:\/\/fotokopija.lt\/en\/produktas\/fotoknyga-21x21\/\" \/>\n<meta property=\"og:site_name\" content=\"fotokopija.lt\" \/>\n<meta property=\"article:modified_time\" content=\"2026-02-07T12:09:02+00:00\" \/>\n<meta property=\"og:image\" content=\"https:\/\/fotokopija.lt\/wp-content\/uploads\/Album_-1024x965.png\" \/>\n\t<meta property=\"og:image:width\" content=\"1024\" \/>\n\t<meta property=\"og:image:height\" content=\"965\" \/>\n\t<meta property=\"og:image:type\" content=\"image\/png\" \/>\n<meta name=\"twitter:card\" content=\"summary_large_image\" \/>\n<meta name=\"twitter:label1\" content=\"Est. reading time\" \/>\n\t<meta name=\"twitter:data1\" content=\"1 minute\" \/>\n<script type=\"application\/ld+json\" class=\"yoast-schema-graph\">{\"@context\":\"https:\\\/\\\/schema.org\",\"@graph\":[{\"@type\":\"WebPage\",\"@id\":\"https:\\\/\\\/fotokopija.lt\\\/en\\\/produktas\\\/fotoknyga-21x21\\\/\",\"url\":\"https:\\\/\\\/fotokopija.lt\\\/en\\\/produktas\\\/fotoknyga-21x21\\\/\",\"name\":\"Foto knyga 21x21 - fotokopija.lt\",\"isPartOf\":{\"@id\":\"https:\\\/\\\/fotokopija.lt\\\/en\\\/#website\"},\"primaryImageOfPage\":{\"@id\":\"https:\\\/\\\/fotokopija.lt\\\/en\\\/produktas\\\/fotoknyga-21x21\\\/#primaryimage\"},\"image\":{\"@id\":\"https:\\\/\\\/fotokopija.lt\\\/en\\\/produktas\\\/fotoknyga-21x21\\\/#primaryimage\"},\"thumbnailUrl\":\"https:\\\/\\\/fotokopija.lt\\\/wp-content\\\/uploads\\\/Album_.png\",\"datePublished\":\"2025-11-24T14:19:37+00:00\",\"dateModified\":\"2026-02-07T12:09:02+00:00\",\"breadcrumb\":{\"@id\":\"https:\\\/\\\/fotokopija.lt\\\/en\\\/produktas\\\/fotoknyga-21x21\\\/#breadcrumb\"},\"inLanguage\":\"en-US\",\"potentialAction\":[{\"@type\":\"ReadAction\",\"target\":[\"https:\\\/\\\/fotokopija.lt\\\/en\\\/produktas\\\/fotoknyga-21x21\\\/\"]}]},{\"@type\":\"ImageObject\",\"inLanguage\":\"en-US\",\"@id\":\"https:\\\/\\\/fotokopija.lt\\\/en\\\/produktas\\\/fotoknyga-21x21\\\/#primaryimage\",\"url\":\"https:\\\/\\\/fotokopija.lt\\\/wp-content\\\/uploads\\\/Album_.png\",\"contentUrl\":\"https:\\\/\\\/fotokopija.lt\\\/wp-content\\\/uploads\\\/Album_.png\",\"width\":2171,\"height\":2046},{\"@type\":\"BreadcrumbList\",\"@id\":\"https:\\\/\\\/fotokopija.lt\\\/en\\\/produktas\\\/fotoknyga-21x21\\\/#breadcrumb\",\"itemListElement\":[{\"@type\":\"ListItem\",\"position\":1,\"name\":\"Home\",\"item\":\"https:\\\/\\\/fotokopija.lt\\\/en\\\/\"},{\"@type\":\"ListItem\",\"position\":2,\"name\":\"Parduotuv\u0117\",\"item\":\"https:\\\/\\\/fotokopija.lt\\\/parduotuve\\\/\"},{\"@type\":\"ListItem\",\"position\":3,\"name\":\"Foto knyga 21&#215;21\"}]},{\"@type\":\"WebSite\",\"@id\":\"https:\\\/\\\/fotokopija.lt\\\/en\\\/#website\",\"url\":\"https:\\\/\\\/fotokopija.lt\\\/en\\\/\",\"name\":\"fotokopija.lt\",\"description\":\"Fotopaslaugos \\\/ Fotoprek\u0117s\",\"potentialAction\":[{\"@type\":\"SearchAction\",\"target\":{\"@type\":\"EntryPoint\",\"urlTemplate\":\"https:\\\/\\\/fotokopija.lt\\\/en\\\/?s={search_term_string}\"},\"query-input\":{\"@type\":\"PropertyValueSpecification\",\"valueRequired\":true,\"valueName\":\"search_term_string\"}}],\"inLanguage\":\"en-US\"}]}<\/script>\n<!-- \/ Yoast SEO plugin. -->","yoast_head_json":{"title":"Foto knyga 21x21 - fotokopija.lt","robots":{"index":"index","follow":"follow","max-snippet":"max-snippet:-1","max-image-preview":"max-image-preview:large","max-video-preview":"max-video-preview:-1"},"canonical":"https:\/\/fotokopija.lt\/en\/produktas\/fotoknyga-21x21\/","og_locale":"en_US","og_type":"article","og_title":"Foto knyga 21x21 - fotokopija.lt","og_description":"Niekas m\u016bs\u0173 ned\u017eiugina labiau nei m\u016bs\u0173\u00a0 sukurtos knygos ir albumai. Primena mums brangias akimirkas, gr\u0105\u017eina mus trumpam \u012f praeit\u012f, padeda v\u0117l patiri malonias emocijas. Lap\u0173 kiekis Fotoknygos kaina, \u20ac 12 48.00 14 52.00 16 60.00 18 68.00 20 76.00 &nbsp;","og_url":"https:\/\/fotokopija.lt\/en\/produktas\/fotoknyga-21x21\/","og_site_name":"fotokopija.lt","article_modified_time":"2026-02-07T12:09:02+00:00","og_image":[{"width":1024,"height":965,"url":"https:\/\/fotokopija.lt\/wp-content\/uploads\/Album_-1024x965.png","type":"image\/png"}],"twitter_card":"summary_large_image","twitter_misc":{"Est. reading time":"1 minute"},"schema":{"@context":"https:\/\/schema.org","@graph":[{"@type":"WebPage","@id":"https:\/\/fotokopija.lt\/en\/produktas\/fotoknyga-21x21\/","url":"https:\/\/fotokopija.lt\/en\/produktas\/fotoknyga-21x21\/","name":"Foto knyga 21x21 - fotokopija.lt","isPartOf":{"@id":"https:\/\/fotokopija.lt\/en\/#website"},"primaryImageOfPage":{"@id":"https:\/\/fotokopija.lt\/en\/produktas\/fotoknyga-21x21\/#primaryimage"},"image":{"@id":"https:\/\/fotokopija.lt\/en\/produktas\/fotoknyga-21x21\/#primaryimage"},"thumbnailUrl":"https:\/\/fotokopija.lt\/wp-content\/uploads\/Album_.png","datePublished":"2025-11-24T14:19:37+00:00","dateModified":"2026-02-07T12:09:02+00:00","breadcrumb":{"@id":"https:\/\/fotokopija.lt\/en\/produktas\/fotoknyga-21x21\/#breadcrumb"},"inLanguage":"en-US","potentialAction":[{"@type":"ReadAction","target":["https:\/\/fotokopija.lt\/en\/produktas\/fotoknyga-21x21\/"]}]},{"@type":"ImageObject","inLanguage":"en-US","@id":"https:\/\/fotokopija.lt\/en\/produktas\/fotoknyga-21x21\/#primaryimage","url":"https:\/\/fotokopija.lt\/wp-content\/uploads\/Album_.png","contentUrl":"https:\/\/fotokopija.lt\/wp-content\/uploads\/Album_.png","width":2171,"height":2046},{"@type":"BreadcrumbList","@id":"https:\/\/fotokopija.lt\/en\/produktas\/fotoknyga-21x21\/#breadcrumb","itemListElement":[{"@type":"ListItem","position":1,"name":"Home","item":"https:\/\/fotokopija.lt\/en\/"},{"@type":"ListItem","position":2,"name":"Parduotuv\u0117","item":"https:\/\/fotokopija.lt\/parduotuve\/"},{"@type":"ListItem","position":3,"name":"Foto knyga 21&#215;21"}]},{"@type":"WebSite","@id":"https:\/\/fotokopija.lt\/en\/#website","url":"https:\/\/fotokopija.lt\/en\/","name":"fotokopija.lt","description":"Fotopaslaugos \/ Fotoprek\u0117s","potentialAction":[{"@type":"SearchAction","target":{"@type":"EntryPoint","urlTemplate":"https:\/\/fotokopija.lt\/en\/?s={search_term_string}"},"query-input":{"@type":"PropertyValueSpecification","valueRequired":true,"valueName":"search_term_string"}}],"inLanguage":"en-US"}]}},"_links":{"self":[{"href":"https:\/\/fotokopija.lt\/en\/wp-json\/wp\/v2\/product\/2731","targetHints":{"allow":["GET"]}}],"collection":[{"href":"https:\/\/fotokopija.lt\/en\/wp-json\/wp\/v2\/product"}],"about":[{"href":"https:\/\/fotokopija.lt\/en\/wp-json\/wp\/v2\/types\/product"}],"wp:featuredmedia":[{"embeddable":true,"href":"https:\/\/fotokopija.lt\/en\/wp-json\/wp\/v2\/media\/2744"}],"wp:attachment":[{"href":"https:\/\/fotokopija.lt\/en\/wp-json\/wp\/v2\/media?parent=2731"}],"wp:term":[{"taxonomy":"product_brand","embeddable":true,"href":"https:\/\/fotokopija.lt\/en\/wp-json\/wp\/v2\/product_brand?post=2731"},{"taxonomy":"product_cat","embeddable":true,"href":"https:\/\/fotokopija.lt\/en\/wp-json\/wp\/v2\/product_cat?post=2731"},{"taxonomy":"product_tag","embeddable":true,"href":"https:\/\/fotokopija.lt\/en\/wp-json\/wp\/v2\/product_tag?post=2731"}],"curies":[{"name":"wp","href":"https:\/\/api.w.org\/{rel}","templated":true}]}}