{"id":2433,"date":"2025-10-29T13:27:13","date_gmt":"2025-10-29T11:27:13","guid":{"rendered":"https:\/\/fotokopija.lt\/?post_type=product&#038;p=2433"},"modified":"2025-12-05T10:59:49","modified_gmt":"2025-12-05T08:59:49","slug":"stalinis-kalendorius","status":"publish","type":"product","link":"https:\/\/fotokopija.lt\/en\/produktas\/stalinis-kalendorius\/","title":{"rendered":"Stalinis kalendorius"},"content":{"rendered":"<p>U\u017esisakykite 12 lap\u0173 stalin\u012f met\u0173 kalendori\u0173 su savo nuotraukomis.<\/p>\n<p>Pasirinkite norim\u0105 dyd\u012f, spauskite &#8220;CREATE&#8221;.<\/p>\n<p>\u012ekelkite nuotraukas i\u0161 kompiuterio, mobilaus telefono, Facebook..<\/p>\n<p>Spustel\u0117kite nuotrauk\u0105, nor\u0117dami kadruoti, keisti atspalv\u012f.<\/p>\n<p>Spustelite \u201eAdd to cart\u201d, kad u\u017ebaigtum\u0117te u\u017esakym\u0105 ir pasirinktum\u0117te mok\u0117jimo b\u016bd\u0105.<\/p>\n","protected":false},"excerpt":{"rendered":"<p>U\u017esisakykite 12 lap\u0173 stalin\u012f met\u0173 kalendori\u0173 su savo nuotraukomis. Pasirinkite norim\u0105 dyd\u012f, spauskite &#8220;CREATE&#8221;. \u012ekelkite nuotraukas i\u0161 kompiuterio, mobilaus telefono, Facebook.. Spustel\u0117kite nuotrauk\u0105, nor\u0117dami kadruoti, keisti atspalv\u012f. Spustelite \u201eAdd to cart\u201d, kad u\u017ebaigtum\u0117te u\u017esakym\u0105 ir pasirinktum\u0117te mok\u0117jimo b\u016bd\u0105.<\/p>\n","protected":false},"featured_media":2244,"template":"","meta":{"_et_pb_use_builder":"","_et_pb_old_content":"","_et_gb_content_width":""},"product_brand":[],"product_cat":[38,33,57],"product_tag":[],"class_list":{"0":"post-2433","1":"product","2":"type-product","3":"status-publish","4":"has-post-thumbnail","6":"product_cat-kalendoriai","7":"product_cat-nuotraukos","8":"product_cat-produktai","10":"first","11":"instock","12":"taxable","13":"shipping-taxable","14":"purchasable","15":"product-type-variable"},"yoast_head":"<!-- This site is optimized with the Yoast SEO plugin v27.2 - https:\/\/yoast.com\/product\/yoast-seo-wordpress\/ -->\n<title>Stalinis kalendorius - fotokopija.lt<\/title>\n<meta name=\"robots\" content=\"index, follow, max-snippet:-1, max-image-preview:large, max-video-preview:-1\" \/>\n<link rel=\"canonical\" href=\"https:\/\/fotokopija.lt\/en\/produktas\/stalinis-kalendorius\/\" \/>\n<meta property=\"og:locale\" content=\"en_US\" \/>\n<meta property=\"og:type\" content=\"article\" \/>\n<meta property=\"og:title\" content=\"Stalinis kalendorius - fotokopija.lt\" \/>\n<meta property=\"og:description\" content=\"U\u017esisakykite 12 lap\u0173 stalin\u012f met\u0173 kalendori\u0173 su savo nuotraukomis. Pasirinkite norim\u0105 dyd\u012f, spauskite &#8220;CREATE&#8221;. \u012ekelkite nuotraukas i\u0161 kompiuterio, mobilaus telefono, Facebook.. Spustel\u0117kite nuotrauk\u0105, nor\u0117dami kadruoti, keisti atspalv\u012f. Spustelite \u201eAdd to cart\u201d, kad u\u017ebaigtum\u0117te u\u017esakym\u0105 ir pasirinktum\u0117te mok\u0117jimo b\u016bd\u0105.\" \/>\n<meta property=\"og:url\" content=\"https:\/\/fotokopija.lt\/en\/produktas\/stalinis-kalendorius\/\" \/>\n<meta property=\"og:site_name\" content=\"fotokopija.lt\" \/>\n<meta property=\"article:modified_time\" content=\"2025-12-05T08:59:49+00:00\" \/>\n<meta property=\"og:image\" content=\"https:\/\/fotokopija.lt\/wp-content\/uploads\/kalendorius-pastatomas.webp\" \/>\n\t<meta property=\"og:image:width\" content=\"1000\" \/>\n\t<meta property=\"og:image:height\" content=\"1000\" \/>\n\t<meta property=\"og:image:type\" content=\"image\/webp\" \/>\n<meta name=\"twitter:card\" content=\"summary_large_image\" \/>\n<meta name=\"twitter:label1\" content=\"Est. reading time\" \/>\n\t<meta name=\"twitter:data1\" content=\"1 minute\" \/>\n<script type=\"application\/ld+json\" class=\"yoast-schema-graph\">{\"@context\":\"https:\/\/schema.org\",\"@graph\":[{\"@type\":\"WebPage\",\"@id\":\"https:\/\/fotokopija.lt\/en\/produktas\/stalinis-kalendorius\/\",\"url\":\"https:\/\/fotokopija.lt\/en\/produktas\/stalinis-kalendorius\/\",\"name\":\"Stalinis kalendorius - fotokopija.lt\",\"isPartOf\":{\"@id\":\"https:\/\/fotokopija.lt\/en\/#website\"},\"primaryImageOfPage\":{\"@id\":\"https:\/\/fotokopija.lt\/en\/produktas\/stalinis-kalendorius\/#primaryimage\"},\"image\":{\"@id\":\"https:\/\/fotokopija.lt\/en\/produktas\/stalinis-kalendorius\/#primaryimage\"},\"thumbnailUrl\":\"https:\/\/fotokopija.lt\/wp-content\/uploads\/kalendorius-pastatomas.webp\",\"datePublished\":\"2025-10-29T11:27:13+00:00\",\"dateModified\":\"2025-12-05T08:59:49+00:00\",\"breadcrumb\":{\"@id\":\"https:\/\/fotokopija.lt\/en\/produktas\/stalinis-kalendorius\/#breadcrumb\"},\"inLanguage\":\"en-US\",\"potentialAction\":[{\"@type\":\"ReadAction\",\"target\":[\"https:\/\/fotokopija.lt\/en\/produktas\/stalinis-kalendorius\/\"]}]},{\"@type\":\"ImageObject\",\"inLanguage\":\"en-US\",\"@id\":\"https:\/\/fotokopija.lt\/en\/produktas\/stalinis-kalendorius\/#primaryimage\",\"url\":\"https:\/\/fotokopija.lt\/wp-content\/uploads\/kalendorius-pastatomas.webp\",\"contentUrl\":\"https:\/\/fotokopija.lt\/wp-content\/uploads\/kalendorius-pastatomas.webp\",\"width\":1000,\"height\":1000},{\"@type\":\"BreadcrumbList\",\"@id\":\"https:\/\/fotokopija.lt\/en\/produktas\/stalinis-kalendorius\/#breadcrumb\",\"itemListElement\":[{\"@type\":\"ListItem\",\"position\":1,\"name\":\"Home\",\"item\":\"https:\/\/fotokopija.lt\/en\/\"},{\"@type\":\"ListItem\",\"position\":2,\"name\":\"Parduotuv\u0117\",\"item\":\"https:\/\/fotokopija.lt\/parduotuve\/\"},{\"@type\":\"ListItem\",\"position\":3,\"name\":\"Stalinis kalendorius\"}]},{\"@type\":\"WebSite\",\"@id\":\"https:\/\/fotokopija.lt\/en\/#website\",\"url\":\"https:\/\/fotokopija.lt\/en\/\",\"name\":\"fotokopija.lt\",\"description\":\"Fotopaslaugos \/ Fotoprek\u0117s\",\"potentialAction\":[{\"@type\":\"SearchAction\",\"target\":{\"@type\":\"EntryPoint\",\"urlTemplate\":\"https:\/\/fotokopija.lt\/en\/?s={search_term_string}\"},\"query-input\":{\"@type\":\"PropertyValueSpecification\",\"valueRequired\":true,\"valueName\":\"search_term_string\"}}],\"inLanguage\":\"en-US\"}]}<\/script>\n<!-- \/ Yoast SEO plugin. -->","yoast_head_json":{"title":"Stalinis kalendorius - fotokopija.lt","robots":{"index":"index","follow":"follow","max-snippet":"max-snippet:-1","max-image-preview":"max-image-preview:large","max-video-preview":"max-video-preview:-1"},"canonical":"https:\/\/fotokopija.lt\/en\/produktas\/stalinis-kalendorius\/","og_locale":"en_US","og_type":"article","og_title":"Stalinis kalendorius - fotokopija.lt","og_description":"U\u017esisakykite 12 lap\u0173 stalin\u012f met\u0173 kalendori\u0173 su savo nuotraukomis. Pasirinkite norim\u0105 dyd\u012f, spauskite &#8220;CREATE&#8221;. \u012ekelkite nuotraukas i\u0161 kompiuterio, mobilaus telefono, Facebook.. Spustel\u0117kite nuotrauk\u0105, nor\u0117dami kadruoti, keisti atspalv\u012f. Spustelite \u201eAdd to cart\u201d, kad u\u017ebaigtum\u0117te u\u017esakym\u0105 ir pasirinktum\u0117te mok\u0117jimo b\u016bd\u0105.","og_url":"https:\/\/fotokopija.lt\/en\/produktas\/stalinis-kalendorius\/","og_site_name":"fotokopija.lt","article_modified_time":"2025-12-05T08:59:49+00:00","og_image":[{"width":1000,"height":1000,"url":"https:\/\/fotokopija.lt\/wp-content\/uploads\/kalendorius-pastatomas.webp","type":"image\/webp"}],"twitter_card":"summary_large_image","twitter_misc":{"Est. reading time":"1 minute"},"schema":{"@context":"https:\/\/schema.org","@graph":[{"@type":"WebPage","@id":"https:\/\/fotokopija.lt\/en\/produktas\/stalinis-kalendorius\/","url":"https:\/\/fotokopija.lt\/en\/produktas\/stalinis-kalendorius\/","name":"Stalinis kalendorius - fotokopija.lt","isPartOf":{"@id":"https:\/\/fotokopija.lt\/en\/#website"},"primaryImageOfPage":{"@id":"https:\/\/fotokopija.lt\/en\/produktas\/stalinis-kalendorius\/#primaryimage"},"image":{"@id":"https:\/\/fotokopija.lt\/en\/produktas\/stalinis-kalendorius\/#primaryimage"},"thumbnailUrl":"https:\/\/fotokopija.lt\/wp-content\/uploads\/kalendorius-pastatomas.webp","datePublished":"2025-10-29T11:27:13+00:00","dateModified":"2025-12-05T08:59:49+00:00","breadcrumb":{"@id":"https:\/\/fotokopija.lt\/en\/produktas\/stalinis-kalendorius\/#breadcrumb"},"inLanguage":"en-US","potentialAction":[{"@type":"ReadAction","target":["https:\/\/fotokopija.lt\/en\/produktas\/stalinis-kalendorius\/"]}]},{"@type":"ImageObject","inLanguage":"en-US","@id":"https:\/\/fotokopija.lt\/en\/produktas\/stalinis-kalendorius\/#primaryimage","url":"https:\/\/fotokopija.lt\/wp-content\/uploads\/kalendorius-pastatomas.webp","contentUrl":"https:\/\/fotokopija.lt\/wp-content\/uploads\/kalendorius-pastatomas.webp","width":1000,"height":1000},{"@type":"BreadcrumbList","@id":"https:\/\/fotokopija.lt\/en\/produktas\/stalinis-kalendorius\/#breadcrumb","itemListElement":[{"@type":"ListItem","position":1,"name":"Home","item":"https:\/\/fotokopija.lt\/en\/"},{"@type":"ListItem","position":2,"name":"Parduotuv\u0117","item":"https:\/\/fotokopija.lt\/parduotuve\/"},{"@type":"ListItem","position":3,"name":"Stalinis kalendorius"}]},{"@type":"WebSite","@id":"https:\/\/fotokopija.lt\/en\/#website","url":"https:\/\/fotokopija.lt\/en\/","name":"fotokopija.lt","description":"Fotopaslaugos \/ Fotoprek\u0117s","potentialAction":[{"@type":"SearchAction","target":{"@type":"EntryPoint","urlTemplate":"https:\/\/fotokopija.lt\/en\/?s={search_term_string}"},"query-input":{"@type":"PropertyValueSpecification","valueRequired":true,"valueName":"search_term_string"}}],"inLanguage":"en-US"}]}},"_links":{"self":[{"href":"https:\/\/fotokopija.lt\/en\/wp-json\/wp\/v2\/product\/2433","targetHints":{"allow":["GET"]}}],"collection":[{"href":"https:\/\/fotokopija.lt\/en\/wp-json\/wp\/v2\/product"}],"about":[{"href":"https:\/\/fotokopija.lt\/en\/wp-json\/wp\/v2\/types\/product"}],"wp:featuredmedia":[{"embeddable":true,"href":"https:\/\/fotokopija.lt\/en\/wp-json\/wp\/v2\/media\/2244"}],"wp:attachment":[{"href":"https:\/\/fotokopija.lt\/en\/wp-json\/wp\/v2\/media?parent=2433"}],"wp:term":[{"taxonomy":"product_brand","embeddable":true,"href":"https:\/\/fotokopija.lt\/en\/wp-json\/wp\/v2\/product_brand?post=2433"},{"taxonomy":"product_cat","embeddable":true,"href":"https:\/\/fotokopija.lt\/en\/wp-json\/wp\/v2\/product_cat?post=2433"},{"taxonomy":"product_tag","embeddable":true,"href":"https:\/\/fotokopija.lt\/en\/wp-json\/wp\/v2\/product_tag?post=2433"}],"curies":[{"name":"wp","href":"https:\/\/api.w.org\/{rel}","templated":true}]}}