{"id":2173,"date":"2025-10-31T13:26:13","date_gmt":"2025-10-31T11:26:13","guid":{"rendered":"https:\/\/fotokopija.lt\/?post_type=product&#038;p=2173"},"modified":"2025-11-11T14:35:20","modified_gmt":"2025-11-11T12:35:20","slug":"fotoaparatas-agfa-photo","status":"publish","type":"product","link":"https:\/\/fotokopija.lt\/en\/produktas\/fotoaparatas-agfa-photo\/","title":{"rendered":"Fotoaparatas AGFA photo"},"content":{"rendered":"<p>\u0160is fotoaparatas patiks norintiems susipa\u017einti su analogine fotografija arba j\u0105 prisiminti. Fotoaparatu paprasta naudotis. Yra \u012fmontuota blykst\u0117, kuri\u0105 pagal poreik\u012f galima \u012fjungti arba i\u0161jungti. Blykst\u0117s veikimui reikalingos 2x AAA tipo baterijos.<\/p>\n<p>YPATYB\u0116S<\/p>\n<ul>\n<li>Naudojamos 35 mm standartin\u0117s spalvotos ir nespalvotos foto juostos.<\/li>\n<li>Su \u012fmontuota blykste<\/li>\n<li>Optinis objektyvas: 31 mm, F = 9, fiksuotas fokusavimas<\/li>\n<li>U\u017erakto greitis: 1\/120 s<\/li>\n<li>Baterijos ir juostel\u0117 parduodama atskirai. Reikalingos baterijos 2 x AAA &#8211; nepridedama.<\/li>\n<li>Fokusavimo valdymas: fiksuotas fokusavimas<\/li>\n<li>Integruota blykst\u0117: Taip<\/li>\n<li>U\u017erakto greitis (sek.): 1\/120<\/li>\n<\/ul>\n","protected":false},"excerpt":{"rendered":"<p>\u0160is fotoaparatas patiks norintiems susipa\u017einti su analogine fotografija arba j\u0105 prisiminti. Fotoaparatu paprasta naudotis. Yra \u012fmontuota blykst\u0117, kuri\u0105 pagal poreik\u012f galima \u012fjungti arba i\u0161jungti. Blykst\u0117s veikimui reikalingos 2x AAA tipo baterijos. YPATYB\u0116S Naudojamos 35 mm standartin\u0117s spalvotos ir nespalvotos foto juostos. Su \u012fmontuota blykste Optinis objektyvas: 31 mm, F = 9, fiksuotas fokusavimas U\u017erakto greitis: [&hellip;]<\/p>\n","protected":false},"featured_media":2232,"template":"","meta":{"_et_pb_use_builder":"","_et_pb_old_content":"","_et_gb_content_width":""},"product_brand":[],"product_cat":[41],"product_tag":[],"class_list":{"0":"post-2173","1":"product","2":"type-product","3":"status-publish","4":"has-post-thumbnail","6":"product_cat-35-mm-foto-juostos","8":"first","9":"instock","10":"taxable","11":"shipping-taxable","12":"purchasable","13":"product-type-simple"},"yoast_head":"<!-- This site is optimized with the Yoast SEO plugin v27.5 - https:\/\/yoast.com\/product\/yoast-seo-wordpress\/ -->\n<title>Fotoaparatas AGFA photo - fotokopija.lt<\/title>\n<meta name=\"robots\" content=\"index, follow, max-snippet:-1, max-image-preview:large, max-video-preview:-1\" \/>\n<link rel=\"canonical\" href=\"https:\/\/fotokopija.lt\/en\/produktas\/fotoaparatas-agfa-photo\/\" \/>\n<meta property=\"og:locale\" content=\"en_US\" \/>\n<meta property=\"og:type\" content=\"article\" \/>\n<meta property=\"og:title\" content=\"Fotoaparatas AGFA photo - fotokopija.lt\" \/>\n<meta property=\"og:description\" content=\"\u0160is fotoaparatas patiks norintiems susipa\u017einti su analogine fotografija arba j\u0105 prisiminti. Fotoaparatu paprasta naudotis. Yra \u012fmontuota blykst\u0117, kuri\u0105 pagal poreik\u012f galima \u012fjungti arba i\u0161jungti. Blykst\u0117s veikimui reikalingos 2x AAA tipo baterijos. YPATYB\u0116S Naudojamos 35 mm standartin\u0117s spalvotos ir nespalvotos foto juostos. Su \u012fmontuota blykste Optinis objektyvas: 31 mm, F = 9, fiksuotas fokusavimas U\u017erakto greitis: [&hellip;]\" \/>\n<meta property=\"og:url\" content=\"https:\/\/fotokopija.lt\/en\/produktas\/fotoaparatas-agfa-photo\/\" \/>\n<meta property=\"og:site_name\" content=\"fotokopija.lt\" \/>\n<meta property=\"article:modified_time\" content=\"2025-11-11T12:35:20+00:00\" \/>\n<meta property=\"og:image\" content=\"https:\/\/fotokopija.lt\/wp-content\/uploads\/Fotoaparatas-AGFA-photo.webp\" \/>\n\t<meta property=\"og:image:width\" content=\"1000\" \/>\n\t<meta property=\"og:image:height\" content=\"1000\" \/>\n\t<meta property=\"og:image:type\" content=\"image\/webp\" \/>\n<meta name=\"twitter:card\" content=\"summary_large_image\" \/>\n<meta name=\"twitter:label1\" content=\"Est. reading time\" \/>\n\t<meta name=\"twitter:data1\" content=\"1 minute\" \/>\n<script type=\"application\/ld+json\" class=\"yoast-schema-graph\">{\"@context\":\"https:\\\/\\\/schema.org\",\"@graph\":[{\"@type\":\"WebPage\",\"@id\":\"https:\\\/\\\/fotokopija.lt\\\/en\\\/produktas\\\/fotoaparatas-agfa-photo\\\/\",\"url\":\"https:\\\/\\\/fotokopija.lt\\\/en\\\/produktas\\\/fotoaparatas-agfa-photo\\\/\",\"name\":\"Fotoaparatas AGFA photo - fotokopija.lt\",\"isPartOf\":{\"@id\":\"https:\\\/\\\/fotokopija.lt\\\/en\\\/#website\"},\"primaryImageOfPage\":{\"@id\":\"https:\\\/\\\/fotokopija.lt\\\/en\\\/produktas\\\/fotoaparatas-agfa-photo\\\/#primaryimage\"},\"image\":{\"@id\":\"https:\\\/\\\/fotokopija.lt\\\/en\\\/produktas\\\/fotoaparatas-agfa-photo\\\/#primaryimage\"},\"thumbnailUrl\":\"https:\\\/\\\/fotokopija.lt\\\/wp-content\\\/uploads\\\/Fotoaparatas-AGFA-photo.webp\",\"datePublished\":\"2025-10-31T11:26:13+00:00\",\"dateModified\":\"2025-11-11T12:35:20+00:00\",\"breadcrumb\":{\"@id\":\"https:\\\/\\\/fotokopija.lt\\\/en\\\/produktas\\\/fotoaparatas-agfa-photo\\\/#breadcrumb\"},\"inLanguage\":\"en-US\",\"potentialAction\":[{\"@type\":\"ReadAction\",\"target\":[\"https:\\\/\\\/fotokopija.lt\\\/en\\\/produktas\\\/fotoaparatas-agfa-photo\\\/\"]}]},{\"@type\":\"ImageObject\",\"inLanguage\":\"en-US\",\"@id\":\"https:\\\/\\\/fotokopija.lt\\\/en\\\/produktas\\\/fotoaparatas-agfa-photo\\\/#primaryimage\",\"url\":\"https:\\\/\\\/fotokopija.lt\\\/wp-content\\\/uploads\\\/Fotoaparatas-AGFA-photo.webp\",\"contentUrl\":\"https:\\\/\\\/fotokopija.lt\\\/wp-content\\\/uploads\\\/Fotoaparatas-AGFA-photo.webp\",\"width\":1000,\"height\":1000},{\"@type\":\"BreadcrumbList\",\"@id\":\"https:\\\/\\\/fotokopija.lt\\\/en\\\/produktas\\\/fotoaparatas-agfa-photo\\\/#breadcrumb\",\"itemListElement\":[{\"@type\":\"ListItem\",\"position\":1,\"name\":\"Home\",\"item\":\"https:\\\/\\\/fotokopija.lt\\\/en\\\/\"},{\"@type\":\"ListItem\",\"position\":2,\"name\":\"Parduotuv\u0117\",\"item\":\"https:\\\/\\\/fotokopija.lt\\\/parduotuve\\\/\"},{\"@type\":\"ListItem\",\"position\":3,\"name\":\"Fotoaparatas AGFA photo\"}]},{\"@type\":\"WebSite\",\"@id\":\"https:\\\/\\\/fotokopija.lt\\\/en\\\/#website\",\"url\":\"https:\\\/\\\/fotokopija.lt\\\/en\\\/\",\"name\":\"fotokopija.lt\",\"description\":\"Fotopaslaugos \\\/ Fotoprek\u0117s\",\"potentialAction\":[{\"@type\":\"SearchAction\",\"target\":{\"@type\":\"EntryPoint\",\"urlTemplate\":\"https:\\\/\\\/fotokopija.lt\\\/en\\\/?s={search_term_string}\"},\"query-input\":{\"@type\":\"PropertyValueSpecification\",\"valueRequired\":true,\"valueName\":\"search_term_string\"}}],\"inLanguage\":\"en-US\"}]}<\/script>\n<!-- \/ Yoast SEO plugin. -->","yoast_head_json":{"title":"Fotoaparatas AGFA photo - fotokopija.lt","robots":{"index":"index","follow":"follow","max-snippet":"max-snippet:-1","max-image-preview":"max-image-preview:large","max-video-preview":"max-video-preview:-1"},"canonical":"https:\/\/fotokopija.lt\/en\/produktas\/fotoaparatas-agfa-photo\/","og_locale":"en_US","og_type":"article","og_title":"Fotoaparatas AGFA photo - fotokopija.lt","og_description":"\u0160is fotoaparatas patiks norintiems susipa\u017einti su analogine fotografija arba j\u0105 prisiminti. Fotoaparatu paprasta naudotis. Yra \u012fmontuota blykst\u0117, kuri\u0105 pagal poreik\u012f galima \u012fjungti arba i\u0161jungti. Blykst\u0117s veikimui reikalingos 2x AAA tipo baterijos. YPATYB\u0116S Naudojamos 35 mm standartin\u0117s spalvotos ir nespalvotos foto juostos. Su \u012fmontuota blykste Optinis objektyvas: 31 mm, F = 9, fiksuotas fokusavimas U\u017erakto greitis: [&hellip;]","og_url":"https:\/\/fotokopija.lt\/en\/produktas\/fotoaparatas-agfa-photo\/","og_site_name":"fotokopija.lt","article_modified_time":"2025-11-11T12:35:20+00:00","og_image":[{"width":1000,"height":1000,"url":"https:\/\/fotokopija.lt\/wp-content\/uploads\/Fotoaparatas-AGFA-photo.webp","type":"image\/webp"}],"twitter_card":"summary_large_image","twitter_misc":{"Est. reading time":"1 minute"},"schema":{"@context":"https:\/\/schema.org","@graph":[{"@type":"WebPage","@id":"https:\/\/fotokopija.lt\/en\/produktas\/fotoaparatas-agfa-photo\/","url":"https:\/\/fotokopija.lt\/en\/produktas\/fotoaparatas-agfa-photo\/","name":"Fotoaparatas AGFA photo - fotokopija.lt","isPartOf":{"@id":"https:\/\/fotokopija.lt\/en\/#website"},"primaryImageOfPage":{"@id":"https:\/\/fotokopija.lt\/en\/produktas\/fotoaparatas-agfa-photo\/#primaryimage"},"image":{"@id":"https:\/\/fotokopija.lt\/en\/produktas\/fotoaparatas-agfa-photo\/#primaryimage"},"thumbnailUrl":"https:\/\/fotokopija.lt\/wp-content\/uploads\/Fotoaparatas-AGFA-photo.webp","datePublished":"2025-10-31T11:26:13+00:00","dateModified":"2025-11-11T12:35:20+00:00","breadcrumb":{"@id":"https:\/\/fotokopija.lt\/en\/produktas\/fotoaparatas-agfa-photo\/#breadcrumb"},"inLanguage":"en-US","potentialAction":[{"@type":"ReadAction","target":["https:\/\/fotokopija.lt\/en\/produktas\/fotoaparatas-agfa-photo\/"]}]},{"@type":"ImageObject","inLanguage":"en-US","@id":"https:\/\/fotokopija.lt\/en\/produktas\/fotoaparatas-agfa-photo\/#primaryimage","url":"https:\/\/fotokopija.lt\/wp-content\/uploads\/Fotoaparatas-AGFA-photo.webp","contentUrl":"https:\/\/fotokopija.lt\/wp-content\/uploads\/Fotoaparatas-AGFA-photo.webp","width":1000,"height":1000},{"@type":"BreadcrumbList","@id":"https:\/\/fotokopija.lt\/en\/produktas\/fotoaparatas-agfa-photo\/#breadcrumb","itemListElement":[{"@type":"ListItem","position":1,"name":"Home","item":"https:\/\/fotokopija.lt\/en\/"},{"@type":"ListItem","position":2,"name":"Parduotuv\u0117","item":"https:\/\/fotokopija.lt\/parduotuve\/"},{"@type":"ListItem","position":3,"name":"Fotoaparatas AGFA photo"}]},{"@type":"WebSite","@id":"https:\/\/fotokopija.lt\/en\/#website","url":"https:\/\/fotokopija.lt\/en\/","name":"fotokopija.lt","description":"Fotopaslaugos \/ Fotoprek\u0117s","potentialAction":[{"@type":"SearchAction","target":{"@type":"EntryPoint","urlTemplate":"https:\/\/fotokopija.lt\/en\/?s={search_term_string}"},"query-input":{"@type":"PropertyValueSpecification","valueRequired":true,"valueName":"search_term_string"}}],"inLanguage":"en-US"}]}},"_links":{"self":[{"href":"https:\/\/fotokopija.lt\/en\/wp-json\/wp\/v2\/product\/2173","targetHints":{"allow":["GET"]}}],"collection":[{"href":"https:\/\/fotokopija.lt\/en\/wp-json\/wp\/v2\/product"}],"about":[{"href":"https:\/\/fotokopija.lt\/en\/wp-json\/wp\/v2\/types\/product"}],"wp:featuredmedia":[{"embeddable":true,"href":"https:\/\/fotokopija.lt\/en\/wp-json\/wp\/v2\/media\/2232"}],"wp:attachment":[{"href":"https:\/\/fotokopija.lt\/en\/wp-json\/wp\/v2\/media?parent=2173"}],"wp:term":[{"taxonomy":"product_brand","embeddable":true,"href":"https:\/\/fotokopija.lt\/en\/wp-json\/wp\/v2\/product_brand?post=2173"},{"taxonomy":"product_cat","embeddable":true,"href":"https:\/\/fotokopija.lt\/en\/wp-json\/wp\/v2\/product_cat?post=2173"},{"taxonomy":"product_tag","embeddable":true,"href":"https:\/\/fotokopija.lt\/en\/wp-json\/wp\/v2\/product_tag?post=2173"}],"curies":[{"name":"wp","href":"https:\/\/api.w.org\/{rel}","templated":true}]}}