{"id":2172,"date":"2025-10-31T13:12:55","date_gmt":"2025-10-31T11:12:55","guid":{"rendered":"https:\/\/fotokopija.lt\/?post_type=product&#038;p=2172"},"modified":"2025-11-11T14:42:23","modified_gmt":"2025-11-11T12:42:23","slug":"fun-saver","status":"publish","type":"product","link":"https:\/\/fotokopija.lt\/en\/produktas\/fun-saver\/","title":{"rendered":"Fun saver"},"content":{"rendered":"<p>&#8220;Fun saver&#8221; yra vienkartinis fotoaparatas, da\u017enai vadinamas &#8220;Kodak Fun Saver&#8221;, kuris leid\u017eia lengvai ir paprastai \u012fam\u017einti akimirkas be tradicinio fotoaparato prie\u017ei\u016bros. Jis tinka tiems, kurie vertina analogin\u0117s fotografijos \u017eaves\u012f ir nori lengvai fotografuoti.<br \/>\nTipas: Vienkartinis fotoaparatas.<br \/>\nPaskirtis: Patogus \u012frankis akimirksniui \u012fam\u017einti be sud\u0117tingos prie\u017ei\u016bros.<br \/>\nSavyb\u0117s: Paprastai turi integruot\u0105 blykst\u0119, atsparum\u0105 (jautrumas) ISO 800, optin\u012f vaizdo ie\u0161kikl\u012f ir apie 27 kadrus.<\/p>\n","protected":false},"excerpt":{"rendered":"<p>&#8220;Fun saver&#8221; yra vienkartinis fotoaparatas, da\u017enai vadinamas &#8220;Kodak Fun Saver&#8221;, kuris leid\u017eia lengvai ir paprastai \u012fam\u017einti akimirkas be tradicinio fotoaparato prie\u017ei\u016bros. Jis tinka tiems, kurie vertina analogin\u0117s fotografijos \u017eaves\u012f ir nori lengvai fotografuoti. Tipas: Vienkartinis fotoaparatas. Paskirtis: Patogus \u012frankis akimirksniui \u012fam\u017einti be sud\u0117tingos prie\u017ei\u016bros. Savyb\u0117s: Paprastai turi integruot\u0105 blykst\u0119, atsparum\u0105 (jautrumas) ISO 800, optin\u012f vaizdo [&hellip;]<\/p>\n","protected":false},"featured_media":2236,"template":"","meta":{"_et_pb_use_builder":"","_et_pb_old_content":"","_et_gb_content_width":""},"product_brand":[],"product_cat":[41],"product_tag":[],"class_list":{"0":"post-2172","1":"product","2":"type-product","3":"status-publish","4":"has-post-thumbnail","6":"product_cat-35-mm-foto-juostos","8":"first","9":"instock","10":"taxable","11":"shipping-taxable","12":"purchasable","13":"product-type-simple"},"yoast_head":"<!-- This site is optimized with the Yoast SEO plugin v27.5 - https:\/\/yoast.com\/product\/yoast-seo-wordpress\/ -->\n<title>Fun saver - fotokopija.lt<\/title>\n<meta name=\"robots\" content=\"index, follow, max-snippet:-1, max-image-preview:large, max-video-preview:-1\" \/>\n<link rel=\"canonical\" href=\"https:\/\/fotokopija.lt\/en\/produktas\/fun-saver\/\" \/>\n<meta property=\"og:locale\" content=\"en_US\" \/>\n<meta property=\"og:type\" content=\"article\" \/>\n<meta property=\"og:title\" content=\"Fun saver - fotokopija.lt\" \/>\n<meta property=\"og:description\" content=\"&#8220;Fun saver&#8221; yra vienkartinis fotoaparatas, da\u017enai vadinamas &#8220;Kodak Fun Saver&#8221;, kuris leid\u017eia lengvai ir paprastai \u012fam\u017einti akimirkas be tradicinio fotoaparato prie\u017ei\u016bros. Jis tinka tiems, kurie vertina analogin\u0117s fotografijos \u017eaves\u012f ir nori lengvai fotografuoti. Tipas: Vienkartinis fotoaparatas. Paskirtis: Patogus \u012frankis akimirksniui \u012fam\u017einti be sud\u0117tingos prie\u017ei\u016bros. Savyb\u0117s: Paprastai turi integruot\u0105 blykst\u0119, atsparum\u0105 (jautrumas) ISO 800, optin\u012f vaizdo [&hellip;]\" \/>\n<meta property=\"og:url\" content=\"https:\/\/fotokopija.lt\/en\/produktas\/fun-saver\/\" \/>\n<meta property=\"og:site_name\" content=\"fotokopija.lt\" \/>\n<meta property=\"article:modified_time\" content=\"2025-11-11T12:42:23+00:00\" \/>\n<meta property=\"og:image\" content=\"https:\/\/fotokopija.lt\/wp-content\/uploads\/funsaver.webp\" \/>\n\t<meta property=\"og:image:width\" content=\"1000\" \/>\n\t<meta property=\"og:image:height\" content=\"1000\" \/>\n\t<meta property=\"og:image:type\" content=\"image\/webp\" \/>\n<meta name=\"twitter:card\" content=\"summary_large_image\" \/>\n<meta name=\"twitter:label1\" content=\"Est. reading time\" \/>\n\t<meta name=\"twitter:data1\" content=\"1 minute\" \/>\n<script type=\"application\/ld+json\" class=\"yoast-schema-graph\">{\"@context\":\"https:\\\/\\\/schema.org\",\"@graph\":[{\"@type\":\"WebPage\",\"@id\":\"https:\\\/\\\/fotokopija.lt\\\/en\\\/produktas\\\/fun-saver\\\/\",\"url\":\"https:\\\/\\\/fotokopija.lt\\\/en\\\/produktas\\\/fun-saver\\\/\",\"name\":\"Fun saver - fotokopija.lt\",\"isPartOf\":{\"@id\":\"https:\\\/\\\/fotokopija.lt\\\/en\\\/#website\"},\"primaryImageOfPage\":{\"@id\":\"https:\\\/\\\/fotokopija.lt\\\/en\\\/produktas\\\/fun-saver\\\/#primaryimage\"},\"image\":{\"@id\":\"https:\\\/\\\/fotokopija.lt\\\/en\\\/produktas\\\/fun-saver\\\/#primaryimage\"},\"thumbnailUrl\":\"https:\\\/\\\/fotokopija.lt\\\/wp-content\\\/uploads\\\/funsaver.webp\",\"datePublished\":\"2025-10-31T11:12:55+00:00\",\"dateModified\":\"2025-11-11T12:42:23+00:00\",\"breadcrumb\":{\"@id\":\"https:\\\/\\\/fotokopija.lt\\\/en\\\/produktas\\\/fun-saver\\\/#breadcrumb\"},\"inLanguage\":\"en-US\",\"potentialAction\":[{\"@type\":\"ReadAction\",\"target\":[\"https:\\\/\\\/fotokopija.lt\\\/en\\\/produktas\\\/fun-saver\\\/\"]}]},{\"@type\":\"ImageObject\",\"inLanguage\":\"en-US\",\"@id\":\"https:\\\/\\\/fotokopija.lt\\\/en\\\/produktas\\\/fun-saver\\\/#primaryimage\",\"url\":\"https:\\\/\\\/fotokopija.lt\\\/wp-content\\\/uploads\\\/funsaver.webp\",\"contentUrl\":\"https:\\\/\\\/fotokopija.lt\\\/wp-content\\\/uploads\\\/funsaver.webp\",\"width\":1000,\"height\":1000},{\"@type\":\"BreadcrumbList\",\"@id\":\"https:\\\/\\\/fotokopija.lt\\\/en\\\/produktas\\\/fun-saver\\\/#breadcrumb\",\"itemListElement\":[{\"@type\":\"ListItem\",\"position\":1,\"name\":\"Home\",\"item\":\"https:\\\/\\\/fotokopija.lt\\\/en\\\/\"},{\"@type\":\"ListItem\",\"position\":2,\"name\":\"Parduotuv\u0117\",\"item\":\"https:\\\/\\\/fotokopija.lt\\\/parduotuve\\\/\"},{\"@type\":\"ListItem\",\"position\":3,\"name\":\"Fun saver\"}]},{\"@type\":\"WebSite\",\"@id\":\"https:\\\/\\\/fotokopija.lt\\\/en\\\/#website\",\"url\":\"https:\\\/\\\/fotokopija.lt\\\/en\\\/\",\"name\":\"fotokopija.lt\",\"description\":\"Fotopaslaugos \\\/ Fotoprek\u0117s\",\"potentialAction\":[{\"@type\":\"SearchAction\",\"target\":{\"@type\":\"EntryPoint\",\"urlTemplate\":\"https:\\\/\\\/fotokopija.lt\\\/en\\\/?s={search_term_string}\"},\"query-input\":{\"@type\":\"PropertyValueSpecification\",\"valueRequired\":true,\"valueName\":\"search_term_string\"}}],\"inLanguage\":\"en-US\"}]}<\/script>\n<!-- \/ Yoast SEO plugin. -->","yoast_head_json":{"title":"Fun saver - fotokopija.lt","robots":{"index":"index","follow":"follow","max-snippet":"max-snippet:-1","max-image-preview":"max-image-preview:large","max-video-preview":"max-video-preview:-1"},"canonical":"https:\/\/fotokopija.lt\/en\/produktas\/fun-saver\/","og_locale":"en_US","og_type":"article","og_title":"Fun saver - fotokopija.lt","og_description":"&#8220;Fun saver&#8221; yra vienkartinis fotoaparatas, da\u017enai vadinamas &#8220;Kodak Fun Saver&#8221;, kuris leid\u017eia lengvai ir paprastai \u012fam\u017einti akimirkas be tradicinio fotoaparato prie\u017ei\u016bros. Jis tinka tiems, kurie vertina analogin\u0117s fotografijos \u017eaves\u012f ir nori lengvai fotografuoti. Tipas: Vienkartinis fotoaparatas. Paskirtis: Patogus \u012frankis akimirksniui \u012fam\u017einti be sud\u0117tingos prie\u017ei\u016bros. Savyb\u0117s: Paprastai turi integruot\u0105 blykst\u0119, atsparum\u0105 (jautrumas) ISO 800, optin\u012f vaizdo [&hellip;]","og_url":"https:\/\/fotokopija.lt\/en\/produktas\/fun-saver\/","og_site_name":"fotokopija.lt","article_modified_time":"2025-11-11T12:42:23+00:00","og_image":[{"width":1000,"height":1000,"url":"https:\/\/fotokopija.lt\/wp-content\/uploads\/funsaver.webp","type":"image\/webp"}],"twitter_card":"summary_large_image","twitter_misc":{"Est. reading time":"1 minute"},"schema":{"@context":"https:\/\/schema.org","@graph":[{"@type":"WebPage","@id":"https:\/\/fotokopija.lt\/en\/produktas\/fun-saver\/","url":"https:\/\/fotokopija.lt\/en\/produktas\/fun-saver\/","name":"Fun saver - fotokopija.lt","isPartOf":{"@id":"https:\/\/fotokopija.lt\/en\/#website"},"primaryImageOfPage":{"@id":"https:\/\/fotokopija.lt\/en\/produktas\/fun-saver\/#primaryimage"},"image":{"@id":"https:\/\/fotokopija.lt\/en\/produktas\/fun-saver\/#primaryimage"},"thumbnailUrl":"https:\/\/fotokopija.lt\/wp-content\/uploads\/funsaver.webp","datePublished":"2025-10-31T11:12:55+00:00","dateModified":"2025-11-11T12:42:23+00:00","breadcrumb":{"@id":"https:\/\/fotokopija.lt\/en\/produktas\/fun-saver\/#breadcrumb"},"inLanguage":"en-US","potentialAction":[{"@type":"ReadAction","target":["https:\/\/fotokopija.lt\/en\/produktas\/fun-saver\/"]}]},{"@type":"ImageObject","inLanguage":"en-US","@id":"https:\/\/fotokopija.lt\/en\/produktas\/fun-saver\/#primaryimage","url":"https:\/\/fotokopija.lt\/wp-content\/uploads\/funsaver.webp","contentUrl":"https:\/\/fotokopija.lt\/wp-content\/uploads\/funsaver.webp","width":1000,"height":1000},{"@type":"BreadcrumbList","@id":"https:\/\/fotokopija.lt\/en\/produktas\/fun-saver\/#breadcrumb","itemListElement":[{"@type":"ListItem","position":1,"name":"Home","item":"https:\/\/fotokopija.lt\/en\/"},{"@type":"ListItem","position":2,"name":"Parduotuv\u0117","item":"https:\/\/fotokopija.lt\/parduotuve\/"},{"@type":"ListItem","position":3,"name":"Fun saver"}]},{"@type":"WebSite","@id":"https:\/\/fotokopija.lt\/en\/#website","url":"https:\/\/fotokopija.lt\/en\/","name":"fotokopija.lt","description":"Fotopaslaugos \/ Fotoprek\u0117s","potentialAction":[{"@type":"SearchAction","target":{"@type":"EntryPoint","urlTemplate":"https:\/\/fotokopija.lt\/en\/?s={search_term_string}"},"query-input":{"@type":"PropertyValueSpecification","valueRequired":true,"valueName":"search_term_string"}}],"inLanguage":"en-US"}]}},"_links":{"self":[{"href":"https:\/\/fotokopija.lt\/en\/wp-json\/wp\/v2\/product\/2172","targetHints":{"allow":["GET"]}}],"collection":[{"href":"https:\/\/fotokopija.lt\/en\/wp-json\/wp\/v2\/product"}],"about":[{"href":"https:\/\/fotokopija.lt\/en\/wp-json\/wp\/v2\/types\/product"}],"wp:featuredmedia":[{"embeddable":true,"href":"https:\/\/fotokopija.lt\/en\/wp-json\/wp\/v2\/media\/2236"}],"wp:attachment":[{"href":"https:\/\/fotokopija.lt\/en\/wp-json\/wp\/v2\/media?parent=2172"}],"wp:term":[{"taxonomy":"product_brand","embeddable":true,"href":"https:\/\/fotokopija.lt\/en\/wp-json\/wp\/v2\/product_brand?post=2172"},{"taxonomy":"product_cat","embeddable":true,"href":"https:\/\/fotokopija.lt\/en\/wp-json\/wp\/v2\/product_cat?post=2172"},{"taxonomy":"product_tag","embeddable":true,"href":"https:\/\/fotokopija.lt\/en\/wp-json\/wp\/v2\/product_tag?post=2172"}],"curies":[{"name":"wp","href":"https:\/\/api.w.org\/{rel}","templated":true}]}}