{"id":2170,"date":"2025-10-31T12:49:56","date_gmt":"2025-10-31T10:49:56","guid":{"rendered":"https:\/\/fotokopija.lt\/?post_type=product&#038;p=2170"},"modified":"2025-11-11T14:49:46","modified_gmt":"2025-11-11T12:49:46","slug":"kodak-power-flash","status":"publish","type":"product","link":"https:\/\/fotokopija.lt\/en\/produktas\/kodak-power-flash\/","title":{"rendered":"Kodak Power Flash"},"content":{"rendered":"<div class=\"Y3BBE\" data-sfc-cp=\"\" data-hveid=\"CAEQAA\" data-processed=\"true\"><\/div>\n<p>&#8220;Kodak Power Flash&#8221; yra kompakti\u0161kas vienkartinis fotoaparatas su \u012fmontuota blykste, skirtas lengvam naudojimui ir ry\u0161kioms nuotraukoms fiksuoti \u012fvairiomis ap\u0161vietimo s\u0105lygomis, tiek patalpose, tiek lauke. Jis naudoja \\(800\\) ISO juostel\u0119 ir turi fiksuot\u0105 fokus\u0105, diafragm\u0105 \\(F16\\) ir \\(1\/100\\) sek. i\u0161laikym\u0105, o jo blykst\u0117 \u012fkraunama apie \\(15\\) sekund\u017ei\u0173 ir veikia nuo \\(1\\) iki \\(4.5\\) metr\u0173 atstumu.<\/p>\n<p>Naudojimas: Lengvai naudojamas, paprastas vienkartinis fotoaparatas.<br \/>\nBlykst\u0117: \u012emontuota, skirta naudoti \u012fvairiomis ap\u0161vietimo s\u0105lygomis, veikia \\(1-4.5\\) metr\u0173 atstumu ir \u012fsikrauna per ma\u017edaug \\(15\\) sekund\u017ei\u0173.<br \/>\nJuostel\u0117: Naudoja \\(800\\) ISO juostel\u0119 ir turi \\(27\\) ekspozicijas (galima pasiekti iki \\(39\\) laboratorijoje).<br \/>\nTechniniai parametrai:Fiksuotas fokusasDiafragma: \\(F16\\)I\u0161laikymas: \\(1\/100\\) sekund\u0117s<br \/>\nDizainas: Kompakti\u0161kas, telpa \u012f ki\u0161en\u0119 ir yra lengvas naudoti. Svarbu neu\u017edengti blykst\u0117s ar objektyvo naudojimo metu.<br \/>\nPabaigos procesas: Naudota kamera nune\u0161ama \u012f laboratorij\u0105, kur i\u0161ry\u0161kinamas, padaromos nuotraukos ir skaitmeninamas juostos turinys, o korpusas perdirbamas.<\/p>\n<div data-xpm-copy-root=\"\" data-processed=\"true\">\n<p><img decoding=\"async\" role=\"presentation\" draggable=\"false\" src=\"data:image\/gif;base64,R0lGODlhAQABAIAAAP\/\/\/wAAACH5BAEAAAAALAAAAAABAAEAAAICRAEAOw==\" aria-hidden=\"true\" data-xpm-latex=\"39\" data-imglogged=\"true\" data-processed=\"true\" \/><\/p>\n<\/div>\n<p>&nbsp;<\/p>\n","protected":false},"excerpt":{"rendered":"<p>&#8220;Kodak Power Flash&#8221; yra kompakti\u0161kas vienkartinis fotoaparatas su \u012fmontuota blykste, skirtas lengvam naudojimui ir ry\u0161kioms nuotraukoms fiksuoti \u012fvairiomis ap\u0161vietimo s\u0105lygomis, tiek patalpose, tiek lauke. Jis naudoja \\(800\\) ISO juostel\u0119 ir turi fiksuot\u0105 fokus\u0105, diafragm\u0105 \\(F16\\) ir \\(1\/100\\) sek. i\u0161laikym\u0105, o jo blykst\u0117 \u012fkraunama apie \\(15\\) sekund\u017ei\u0173 ir veikia nuo \\(1\\) iki \\(4.5\\) metr\u0173 atstumu. Naudojimas: [&hellip;]<\/p>\n","protected":false},"featured_media":2239,"template":"","meta":{"_et_pb_use_builder":"","_et_pb_old_content":"","_et_gb_content_width":""},"product_brand":[],"product_cat":[41],"product_tag":[],"class_list":{"0":"post-2170","1":"product","2":"type-product","3":"status-publish","4":"has-post-thumbnail","6":"product_cat-35-mm-foto-juostos","8":"first","9":"instock","10":"taxable","11":"shipping-taxable","12":"purchasable","13":"product-type-simple"},"yoast_head":"<!-- This site is optimized with the Yoast SEO plugin v27.5 - https:\/\/yoast.com\/product\/yoast-seo-wordpress\/ -->\n<title>Kodak Power Flash - fotokopija.lt<\/title>\n<meta name=\"robots\" content=\"index, follow, max-snippet:-1, max-image-preview:large, max-video-preview:-1\" \/>\n<link rel=\"canonical\" href=\"https:\/\/fotokopija.lt\/en\/produktas\/kodak-power-flash\/\" \/>\n<meta property=\"og:locale\" content=\"en_US\" \/>\n<meta property=\"og:type\" content=\"article\" \/>\n<meta property=\"og:title\" content=\"Kodak Power Flash - fotokopija.lt\" \/>\n<meta property=\"og:description\" content=\"&#8220;Kodak Power Flash&#8221; yra kompakti\u0161kas vienkartinis fotoaparatas su \u012fmontuota blykste, skirtas lengvam naudojimui ir ry\u0161kioms nuotraukoms fiksuoti \u012fvairiomis ap\u0161vietimo s\u0105lygomis, tiek patalpose, tiek lauke. Jis naudoja (800) ISO juostel\u0119 ir turi fiksuot\u0105 fokus\u0105, diafragm\u0105 (F16) ir (1\/100) sek. i\u0161laikym\u0105, o jo blykst\u0117 \u012fkraunama apie (15) sekund\u017ei\u0173 ir veikia nuo (1) iki (4.5) metr\u0173 atstumu. Naudojimas: [&hellip;]\" \/>\n<meta property=\"og:url\" content=\"https:\/\/fotokopija.lt\/en\/produktas\/kodak-power-flash\/\" \/>\n<meta property=\"og:site_name\" content=\"fotokopija.lt\" \/>\n<meta property=\"article:modified_time\" content=\"2025-11-11T12:49:46+00:00\" \/>\n<meta property=\"og:image\" content=\"https:\/\/fotokopija.lt\/wp-content\/uploads\/Kodak-Power-Flash.webp\" \/>\n\t<meta property=\"og:image:width\" content=\"1000\" \/>\n\t<meta property=\"og:image:height\" content=\"1000\" \/>\n\t<meta property=\"og:image:type\" content=\"image\/webp\" \/>\n<meta name=\"twitter:card\" content=\"summary_large_image\" \/>\n<meta name=\"twitter:label1\" content=\"Est. reading time\" \/>\n\t<meta name=\"twitter:data1\" content=\"2 minutes\" \/>\n<script type=\"application\/ld+json\" class=\"yoast-schema-graph\">{\"@context\":\"https:\\\/\\\/schema.org\",\"@graph\":[{\"@type\":\"WebPage\",\"@id\":\"https:\\\/\\\/fotokopija.lt\\\/en\\\/produktas\\\/kodak-power-flash\\\/\",\"url\":\"https:\\\/\\\/fotokopija.lt\\\/en\\\/produktas\\\/kodak-power-flash\\\/\",\"name\":\"Kodak Power Flash - fotokopija.lt\",\"isPartOf\":{\"@id\":\"https:\\\/\\\/fotokopija.lt\\\/en\\\/#website\"},\"primaryImageOfPage\":{\"@id\":\"https:\\\/\\\/fotokopija.lt\\\/en\\\/produktas\\\/kodak-power-flash\\\/#primaryimage\"},\"image\":{\"@id\":\"https:\\\/\\\/fotokopija.lt\\\/en\\\/produktas\\\/kodak-power-flash\\\/#primaryimage\"},\"thumbnailUrl\":\"https:\\\/\\\/fotokopija.lt\\\/wp-content\\\/uploads\\\/Kodak-Power-Flash.webp\",\"datePublished\":\"2025-10-31T10:49:56+00:00\",\"dateModified\":\"2025-11-11T12:49:46+00:00\",\"breadcrumb\":{\"@id\":\"https:\\\/\\\/fotokopija.lt\\\/en\\\/produktas\\\/kodak-power-flash\\\/#breadcrumb\"},\"inLanguage\":\"en-US\",\"potentialAction\":[{\"@type\":\"ReadAction\",\"target\":[\"https:\\\/\\\/fotokopija.lt\\\/en\\\/produktas\\\/kodak-power-flash\\\/\"]}]},{\"@type\":\"ImageObject\",\"inLanguage\":\"en-US\",\"@id\":\"https:\\\/\\\/fotokopija.lt\\\/en\\\/produktas\\\/kodak-power-flash\\\/#primaryimage\",\"url\":\"https:\\\/\\\/fotokopija.lt\\\/wp-content\\\/uploads\\\/Kodak-Power-Flash.webp\",\"contentUrl\":\"https:\\\/\\\/fotokopija.lt\\\/wp-content\\\/uploads\\\/Kodak-Power-Flash.webp\",\"width\":1000,\"height\":1000},{\"@type\":\"BreadcrumbList\",\"@id\":\"https:\\\/\\\/fotokopija.lt\\\/en\\\/produktas\\\/kodak-power-flash\\\/#breadcrumb\",\"itemListElement\":[{\"@type\":\"ListItem\",\"position\":1,\"name\":\"Home\",\"item\":\"https:\\\/\\\/fotokopija.lt\\\/en\\\/\"},{\"@type\":\"ListItem\",\"position\":2,\"name\":\"Parduotuv\u0117\",\"item\":\"https:\\\/\\\/fotokopija.lt\\\/parduotuve\\\/\"},{\"@type\":\"ListItem\",\"position\":3,\"name\":\"Kodak Power Flash\"}]},{\"@type\":\"WebSite\",\"@id\":\"https:\\\/\\\/fotokopija.lt\\\/en\\\/#website\",\"url\":\"https:\\\/\\\/fotokopija.lt\\\/en\\\/\",\"name\":\"fotokopija.lt\",\"description\":\"Fotopaslaugos \\\/ Fotoprek\u0117s\",\"potentialAction\":[{\"@type\":\"SearchAction\",\"target\":{\"@type\":\"EntryPoint\",\"urlTemplate\":\"https:\\\/\\\/fotokopija.lt\\\/en\\\/?s={search_term_string}\"},\"query-input\":{\"@type\":\"PropertyValueSpecification\",\"valueRequired\":true,\"valueName\":\"search_term_string\"}}],\"inLanguage\":\"en-US\"}]}<\/script>\n<!-- \/ Yoast SEO plugin. -->","yoast_head_json":{"title":"Kodak Power Flash - fotokopija.lt","robots":{"index":"index","follow":"follow","max-snippet":"max-snippet:-1","max-image-preview":"max-image-preview:large","max-video-preview":"max-video-preview:-1"},"canonical":"https:\/\/fotokopija.lt\/en\/produktas\/kodak-power-flash\/","og_locale":"en_US","og_type":"article","og_title":"Kodak Power Flash - fotokopija.lt","og_description":"&#8220;Kodak Power Flash&#8221; yra kompakti\u0161kas vienkartinis fotoaparatas su \u012fmontuota blykste, skirtas lengvam naudojimui ir ry\u0161kioms nuotraukoms fiksuoti \u012fvairiomis ap\u0161vietimo s\u0105lygomis, tiek patalpose, tiek lauke. Jis naudoja (800) ISO juostel\u0119 ir turi fiksuot\u0105 fokus\u0105, diafragm\u0105 (F16) ir (1\/100) sek. i\u0161laikym\u0105, o jo blykst\u0117 \u012fkraunama apie (15) sekund\u017ei\u0173 ir veikia nuo (1) iki (4.5) metr\u0173 atstumu. Naudojimas: [&hellip;]","og_url":"https:\/\/fotokopija.lt\/en\/produktas\/kodak-power-flash\/","og_site_name":"fotokopija.lt","article_modified_time":"2025-11-11T12:49:46+00:00","og_image":[{"width":1000,"height":1000,"url":"https:\/\/fotokopija.lt\/wp-content\/uploads\/Kodak-Power-Flash.webp","type":"image\/webp"}],"twitter_card":"summary_large_image","twitter_misc":{"Est. reading time":"2 minutes"},"schema":{"@context":"https:\/\/schema.org","@graph":[{"@type":"WebPage","@id":"https:\/\/fotokopija.lt\/en\/produktas\/kodak-power-flash\/","url":"https:\/\/fotokopija.lt\/en\/produktas\/kodak-power-flash\/","name":"Kodak Power Flash - fotokopija.lt","isPartOf":{"@id":"https:\/\/fotokopija.lt\/en\/#website"},"primaryImageOfPage":{"@id":"https:\/\/fotokopija.lt\/en\/produktas\/kodak-power-flash\/#primaryimage"},"image":{"@id":"https:\/\/fotokopija.lt\/en\/produktas\/kodak-power-flash\/#primaryimage"},"thumbnailUrl":"https:\/\/fotokopija.lt\/wp-content\/uploads\/Kodak-Power-Flash.webp","datePublished":"2025-10-31T10:49:56+00:00","dateModified":"2025-11-11T12:49:46+00:00","breadcrumb":{"@id":"https:\/\/fotokopija.lt\/en\/produktas\/kodak-power-flash\/#breadcrumb"},"inLanguage":"en-US","potentialAction":[{"@type":"ReadAction","target":["https:\/\/fotokopija.lt\/en\/produktas\/kodak-power-flash\/"]}]},{"@type":"ImageObject","inLanguage":"en-US","@id":"https:\/\/fotokopija.lt\/en\/produktas\/kodak-power-flash\/#primaryimage","url":"https:\/\/fotokopija.lt\/wp-content\/uploads\/Kodak-Power-Flash.webp","contentUrl":"https:\/\/fotokopija.lt\/wp-content\/uploads\/Kodak-Power-Flash.webp","width":1000,"height":1000},{"@type":"BreadcrumbList","@id":"https:\/\/fotokopija.lt\/en\/produktas\/kodak-power-flash\/#breadcrumb","itemListElement":[{"@type":"ListItem","position":1,"name":"Home","item":"https:\/\/fotokopija.lt\/en\/"},{"@type":"ListItem","position":2,"name":"Parduotuv\u0117","item":"https:\/\/fotokopija.lt\/parduotuve\/"},{"@type":"ListItem","position":3,"name":"Kodak Power Flash"}]},{"@type":"WebSite","@id":"https:\/\/fotokopija.lt\/en\/#website","url":"https:\/\/fotokopija.lt\/en\/","name":"fotokopija.lt","description":"Fotopaslaugos \/ Fotoprek\u0117s","potentialAction":[{"@type":"SearchAction","target":{"@type":"EntryPoint","urlTemplate":"https:\/\/fotokopija.lt\/en\/?s={search_term_string}"},"query-input":{"@type":"PropertyValueSpecification","valueRequired":true,"valueName":"search_term_string"}}],"inLanguage":"en-US"}]}},"_links":{"self":[{"href":"https:\/\/fotokopija.lt\/en\/wp-json\/wp\/v2\/product\/2170","targetHints":{"allow":["GET"]}}],"collection":[{"href":"https:\/\/fotokopija.lt\/en\/wp-json\/wp\/v2\/product"}],"about":[{"href":"https:\/\/fotokopija.lt\/en\/wp-json\/wp\/v2\/types\/product"}],"wp:featuredmedia":[{"embeddable":true,"href":"https:\/\/fotokopija.lt\/en\/wp-json\/wp\/v2\/media\/2239"}],"wp:attachment":[{"href":"https:\/\/fotokopija.lt\/en\/wp-json\/wp\/v2\/media?parent=2170"}],"wp:term":[{"taxonomy":"product_brand","embeddable":true,"href":"https:\/\/fotokopija.lt\/en\/wp-json\/wp\/v2\/product_brand?post=2170"},{"taxonomy":"product_cat","embeddable":true,"href":"https:\/\/fotokopija.lt\/en\/wp-json\/wp\/v2\/product_cat?post=2170"},{"taxonomy":"product_tag","embeddable":true,"href":"https:\/\/fotokopija.lt\/en\/wp-json\/wp\/v2\/product_tag?post=2170"}],"curies":[{"name":"wp","href":"https:\/\/api.w.org\/{rel}","templated":true}]}}