{"id":2169,"date":"2025-10-31T12:45:01","date_gmt":"2025-10-31T10:45:01","guid":{"rendered":"https:\/\/fotokopija.lt\/?post_type=product&#038;p=2169"},"modified":"2025-11-11T14:51:46","modified_gmt":"2025-11-11T12:51:46","slug":"kodak-ultra-max-36-x3","status":"publish","type":"product","link":"https:\/\/fotokopija.lt\/en\/produktas\/kodak-ultra-max-36-x3\/","title":{"rendered":"Kodak Ultra Max 36 x3"},"content":{"rendered":"<div data-sfc-cp=\"\" data-hveid=\"CAIQAA\" data-processed=\"true\">3 &#8211; 36 kadr\u0173 foto juostos pakuot\u0117je.<\/div>\n<div class=\"Y3BBE Lem6n\" data-sfc-cp=\"\" data-hveid=\"CAIQAA\" data-processed=\"true\"><span class=\"N9Q8Lc\">&#8220;Kodak Ultra Max&#8221;\u00a0<\/span><mark class=\"HxTRcb\" data-processed=\"true\"><span class=\"N9Q8Lc\">paprastai rei\u0161kia spalvot\u0105, didelio jautrumo (ISO 400) 35 mm juostel\u0119, puikiai tinkan\u010di\u0105 \u012fvairioms fotografijos r\u016b\u0161ims, ypa\u010d portretams ir lauko fotografijai, d\u0117l savo smulki\u0173 gr\u016bdeli\u0173 ir tiksli\u0173, gyv\u0173 spalv\u0173<\/span><\/mark><span class=\"N9Q8Lc\">. Ji pasi\u017eymi pla\u010diu ekspozicijos diapazonu ir yra optimaliai pritaikyta tiek skenavimui, tiek spausdinimui.<\/span><span class=\"uJ19be notranslate\" data-wiz-uids=\"cjIyGd_r,cjIyGd_s\" data-processed=\"true\"><span class=\"vKEkVd\" data-animation-atomic=\"\" data-processed=\"true\">\u00a0<button class=\"rBl3me\" tabindex=\"0\" data-amic=\"true\" data-icl-uuid=\"bf7183d4-f6ca-4fab-b21d-1cfb119a45c3\" aria-label=\"View related links\" data-wiz-attrbind=\"disabled=cjIyGd_r_C5gNJc;class=cjIyGd_r_UpSNec;\" data-ved=\"2ahUKEwjtoLHNn86QAxWkQvEDHaP7L_IQye0OegQIAhAC\" data-processed=\"true\"><\/button><\/span><\/span><\/div>\n<ul class=\"KsbFXc U6u95\" data-processed=\"true\">\n<li data-hveid=\"CAQQAA\" data-processed=\"true\"><span class=\"T286Pc\" data-sfc-cp=\"\" data-processed=\"true\"><strong class=\"Yjhzub\" data-processed=\"true\">Tipas:<\/strong>\u00a0Spalvota neigiama dienos \u0161viesai skirta juostel\u0117.<\/span><\/li>\n<li data-hveid=\"CAQQAQ\" data-processed=\"true\"><span class=\"T286Pc\" data-sfc-cp=\"\" data-processed=\"true\"><strong class=\"Yjhzub\" data-processed=\"true\">Jautrumas:<\/strong>\u00a0ISO 400\/27\u00b0.<\/span><\/li>\n<li data-hveid=\"CAQQAg\" data-processed=\"true\"><span class=\"T286Pc\" data-sfc-cp=\"\" data-processed=\"true\"><strong class=\"Yjhzub\" data-processed=\"true\">Naudojimas:<\/strong>\u00a0Tinka portretams (d\u0117l gero odos tono atvaizdavimo) ir bendrai, lauko fotografijai (d\u0117l gyvybing\u0173 spalv\u0173).<\/span><\/li>\n<li data-hveid=\"CAQQAw\" data-processed=\"true\"><span class=\"T286Pc\" data-sfc-cp=\"\" data-processed=\"true\"><strong class=\"Yjhzub\" data-processed=\"true\">Savyb\u0117s:<\/strong>\u00a0Ma\u017ei gr\u016bdeliai, tikslios ir nuoseklios spalvos, platus ekspozicijos diapazonas<span id=\"iy5EEaa2PMqSFxc8Po_e_kQ8_3\" data-processed=\"true\">.<\/span><\/span><\/li>\n<li data-hveid=\"CAQQAw\" data-processed=\"true\"><strong>Ry\u0161kinimas: <\/strong>C-41 procesas<\/li>\n<\/ul>\n","protected":false},"excerpt":{"rendered":"<p>3 &#8211; 36 kadr\u0173 foto juostos pakuot\u0117je. &#8220;Kodak Ultra Max&#8221;\u00a0paprastai rei\u0161kia spalvot\u0105, didelio jautrumo (ISO 400) 35 mm juostel\u0119, puikiai tinkan\u010di\u0105 \u012fvairioms fotografijos r\u016b\u0161ims, ypa\u010d portretams ir lauko fotografijai, d\u0117l savo smulki\u0173 gr\u016bdeli\u0173 ir tiksli\u0173, gyv\u0173 spalv\u0173. Ji pasi\u017eymi pla\u010diu ekspozicijos diapazonu ir yra optimaliai pritaikyta tiek skenavimui, tiek spausdinimui.\u00a0 Tipas:\u00a0Spalvota neigiama dienos \u0161viesai skirta [&hellip;]<\/p>\n","protected":false},"featured_media":2240,"template":"","meta":{"_et_pb_use_builder":"","_et_pb_old_content":"","_et_gb_content_width":""},"product_brand":[],"product_cat":[41],"product_tag":[],"class_list":{"0":"post-2169","1":"product","2":"type-product","3":"status-publish","4":"has-post-thumbnail","6":"product_cat-35-mm-foto-juostos","8":"first","9":"instock","10":"taxable","11":"shipping-taxable","12":"purchasable","13":"product-type-simple"},"yoast_head":"<!-- This site is optimized with the Yoast SEO plugin v27.5 - https:\/\/yoast.com\/product\/yoast-seo-wordpress\/ -->\n<title>Kodak Ultra Max 36 x3 - fotokopija.lt<\/title>\n<meta name=\"robots\" content=\"index, follow, max-snippet:-1, max-image-preview:large, max-video-preview:-1\" \/>\n<link rel=\"canonical\" href=\"https:\/\/fotokopija.lt\/en\/produktas\/kodak-ultra-max-36-x3\/\" \/>\n<meta property=\"og:locale\" content=\"en_US\" \/>\n<meta property=\"og:type\" content=\"article\" \/>\n<meta property=\"og:title\" content=\"Kodak Ultra Max 36 x3 - fotokopija.lt\" \/>\n<meta property=\"og:description\" content=\"3 &#8211; 36 kadr\u0173 foto juostos pakuot\u0117je. &#8220;Kodak Ultra Max&#8221;\u00a0paprastai rei\u0161kia spalvot\u0105, didelio jautrumo (ISO 400) 35 mm juostel\u0119, puikiai tinkan\u010di\u0105 \u012fvairioms fotografijos r\u016b\u0161ims, ypa\u010d portretams ir lauko fotografijai, d\u0117l savo smulki\u0173 gr\u016bdeli\u0173 ir tiksli\u0173, gyv\u0173 spalv\u0173. Ji pasi\u017eymi pla\u010diu ekspozicijos diapazonu ir yra optimaliai pritaikyta tiek skenavimui, tiek spausdinimui.\u00a0 Tipas:\u00a0Spalvota neigiama dienos \u0161viesai skirta [&hellip;]\" \/>\n<meta property=\"og:url\" content=\"https:\/\/fotokopija.lt\/en\/produktas\/kodak-ultra-max-36-x3\/\" \/>\n<meta property=\"og:site_name\" content=\"fotokopija.lt\" \/>\n<meta property=\"article:modified_time\" content=\"2025-11-11T12:51:46+00:00\" \/>\n<meta property=\"og:image\" content=\"https:\/\/fotokopija.lt\/wp-content\/uploads\/Kodak-Ultra-Max-36-x3.webp\" \/>\n\t<meta property=\"og:image:width\" content=\"1000\" \/>\n\t<meta property=\"og:image:height\" content=\"1000\" \/>\n\t<meta property=\"og:image:type\" content=\"image\/webp\" \/>\n<meta name=\"twitter:card\" content=\"summary_large_image\" \/>\n<meta name=\"twitter:label1\" content=\"Est. reading time\" \/>\n\t<meta name=\"twitter:data1\" content=\"1 minute\" \/>\n<script type=\"application\/ld+json\" class=\"yoast-schema-graph\">{\"@context\":\"https:\\\/\\\/schema.org\",\"@graph\":[{\"@type\":\"WebPage\",\"@id\":\"https:\\\/\\\/fotokopija.lt\\\/en\\\/produktas\\\/kodak-ultra-max-36-x3\\\/\",\"url\":\"https:\\\/\\\/fotokopija.lt\\\/en\\\/produktas\\\/kodak-ultra-max-36-x3\\\/\",\"name\":\"Kodak Ultra Max 36 x3 - fotokopija.lt\",\"isPartOf\":{\"@id\":\"https:\\\/\\\/fotokopija.lt\\\/en\\\/#website\"},\"primaryImageOfPage\":{\"@id\":\"https:\\\/\\\/fotokopija.lt\\\/en\\\/produktas\\\/kodak-ultra-max-36-x3\\\/#primaryimage\"},\"image\":{\"@id\":\"https:\\\/\\\/fotokopija.lt\\\/en\\\/produktas\\\/kodak-ultra-max-36-x3\\\/#primaryimage\"},\"thumbnailUrl\":\"https:\\\/\\\/fotokopija.lt\\\/wp-content\\\/uploads\\\/Kodak-Ultra-Max-36-x3.webp\",\"datePublished\":\"2025-10-31T10:45:01+00:00\",\"dateModified\":\"2025-11-11T12:51:46+00:00\",\"breadcrumb\":{\"@id\":\"https:\\\/\\\/fotokopija.lt\\\/en\\\/produktas\\\/kodak-ultra-max-36-x3\\\/#breadcrumb\"},\"inLanguage\":\"en-US\",\"potentialAction\":[{\"@type\":\"ReadAction\",\"target\":[\"https:\\\/\\\/fotokopija.lt\\\/en\\\/produktas\\\/kodak-ultra-max-36-x3\\\/\"]}]},{\"@type\":\"ImageObject\",\"inLanguage\":\"en-US\",\"@id\":\"https:\\\/\\\/fotokopija.lt\\\/en\\\/produktas\\\/kodak-ultra-max-36-x3\\\/#primaryimage\",\"url\":\"https:\\\/\\\/fotokopija.lt\\\/wp-content\\\/uploads\\\/Kodak-Ultra-Max-36-x3.webp\",\"contentUrl\":\"https:\\\/\\\/fotokopija.lt\\\/wp-content\\\/uploads\\\/Kodak-Ultra-Max-36-x3.webp\",\"width\":1000,\"height\":1000},{\"@type\":\"BreadcrumbList\",\"@id\":\"https:\\\/\\\/fotokopija.lt\\\/en\\\/produktas\\\/kodak-ultra-max-36-x3\\\/#breadcrumb\",\"itemListElement\":[{\"@type\":\"ListItem\",\"position\":1,\"name\":\"Home\",\"item\":\"https:\\\/\\\/fotokopija.lt\\\/en\\\/\"},{\"@type\":\"ListItem\",\"position\":2,\"name\":\"Parduotuv\u0117\",\"item\":\"https:\\\/\\\/fotokopija.lt\\\/parduotuve\\\/\"},{\"@type\":\"ListItem\",\"position\":3,\"name\":\"Kodak Ultra Max 36 x3\"}]},{\"@type\":\"WebSite\",\"@id\":\"https:\\\/\\\/fotokopija.lt\\\/en\\\/#website\",\"url\":\"https:\\\/\\\/fotokopija.lt\\\/en\\\/\",\"name\":\"fotokopija.lt\",\"description\":\"Fotopaslaugos \\\/ Fotoprek\u0117s\",\"potentialAction\":[{\"@type\":\"SearchAction\",\"target\":{\"@type\":\"EntryPoint\",\"urlTemplate\":\"https:\\\/\\\/fotokopija.lt\\\/en\\\/?s={search_term_string}\"},\"query-input\":{\"@type\":\"PropertyValueSpecification\",\"valueRequired\":true,\"valueName\":\"search_term_string\"}}],\"inLanguage\":\"en-US\"}]}<\/script>\n<!-- \/ Yoast SEO plugin. -->","yoast_head_json":{"title":"Kodak Ultra Max 36 x3 - fotokopija.lt","robots":{"index":"index","follow":"follow","max-snippet":"max-snippet:-1","max-image-preview":"max-image-preview:large","max-video-preview":"max-video-preview:-1"},"canonical":"https:\/\/fotokopija.lt\/en\/produktas\/kodak-ultra-max-36-x3\/","og_locale":"en_US","og_type":"article","og_title":"Kodak Ultra Max 36 x3 - fotokopija.lt","og_description":"3 &#8211; 36 kadr\u0173 foto juostos pakuot\u0117je. &#8220;Kodak Ultra Max&#8221;\u00a0paprastai rei\u0161kia spalvot\u0105, didelio jautrumo (ISO 400) 35 mm juostel\u0119, puikiai tinkan\u010di\u0105 \u012fvairioms fotografijos r\u016b\u0161ims, ypa\u010d portretams ir lauko fotografijai, d\u0117l savo smulki\u0173 gr\u016bdeli\u0173 ir tiksli\u0173, gyv\u0173 spalv\u0173. Ji pasi\u017eymi pla\u010diu ekspozicijos diapazonu ir yra optimaliai pritaikyta tiek skenavimui, tiek spausdinimui.\u00a0 Tipas:\u00a0Spalvota neigiama dienos \u0161viesai skirta [&hellip;]","og_url":"https:\/\/fotokopija.lt\/en\/produktas\/kodak-ultra-max-36-x3\/","og_site_name":"fotokopija.lt","article_modified_time":"2025-11-11T12:51:46+00:00","og_image":[{"width":1000,"height":1000,"url":"https:\/\/fotokopija.lt\/wp-content\/uploads\/Kodak-Ultra-Max-36-x3.webp","type":"image\/webp"}],"twitter_card":"summary_large_image","twitter_misc":{"Est. reading time":"1 minute"},"schema":{"@context":"https:\/\/schema.org","@graph":[{"@type":"WebPage","@id":"https:\/\/fotokopija.lt\/en\/produktas\/kodak-ultra-max-36-x3\/","url":"https:\/\/fotokopija.lt\/en\/produktas\/kodak-ultra-max-36-x3\/","name":"Kodak Ultra Max 36 x3 - fotokopija.lt","isPartOf":{"@id":"https:\/\/fotokopija.lt\/en\/#website"},"primaryImageOfPage":{"@id":"https:\/\/fotokopija.lt\/en\/produktas\/kodak-ultra-max-36-x3\/#primaryimage"},"image":{"@id":"https:\/\/fotokopija.lt\/en\/produktas\/kodak-ultra-max-36-x3\/#primaryimage"},"thumbnailUrl":"https:\/\/fotokopija.lt\/wp-content\/uploads\/Kodak-Ultra-Max-36-x3.webp","datePublished":"2025-10-31T10:45:01+00:00","dateModified":"2025-11-11T12:51:46+00:00","breadcrumb":{"@id":"https:\/\/fotokopija.lt\/en\/produktas\/kodak-ultra-max-36-x3\/#breadcrumb"},"inLanguage":"en-US","potentialAction":[{"@type":"ReadAction","target":["https:\/\/fotokopija.lt\/en\/produktas\/kodak-ultra-max-36-x3\/"]}]},{"@type":"ImageObject","inLanguage":"en-US","@id":"https:\/\/fotokopija.lt\/en\/produktas\/kodak-ultra-max-36-x3\/#primaryimage","url":"https:\/\/fotokopija.lt\/wp-content\/uploads\/Kodak-Ultra-Max-36-x3.webp","contentUrl":"https:\/\/fotokopija.lt\/wp-content\/uploads\/Kodak-Ultra-Max-36-x3.webp","width":1000,"height":1000},{"@type":"BreadcrumbList","@id":"https:\/\/fotokopija.lt\/en\/produktas\/kodak-ultra-max-36-x3\/#breadcrumb","itemListElement":[{"@type":"ListItem","position":1,"name":"Home","item":"https:\/\/fotokopija.lt\/en\/"},{"@type":"ListItem","position":2,"name":"Parduotuv\u0117","item":"https:\/\/fotokopija.lt\/parduotuve\/"},{"@type":"ListItem","position":3,"name":"Kodak Ultra Max 36 x3"}]},{"@type":"WebSite","@id":"https:\/\/fotokopija.lt\/en\/#website","url":"https:\/\/fotokopija.lt\/en\/","name":"fotokopija.lt","description":"Fotopaslaugos \/ Fotoprek\u0117s","potentialAction":[{"@type":"SearchAction","target":{"@type":"EntryPoint","urlTemplate":"https:\/\/fotokopija.lt\/en\/?s={search_term_string}"},"query-input":{"@type":"PropertyValueSpecification","valueRequired":true,"valueName":"search_term_string"}}],"inLanguage":"en-US"}]}},"_links":{"self":[{"href":"https:\/\/fotokopija.lt\/en\/wp-json\/wp\/v2\/product\/2169","targetHints":{"allow":["GET"]}}],"collection":[{"href":"https:\/\/fotokopija.lt\/en\/wp-json\/wp\/v2\/product"}],"about":[{"href":"https:\/\/fotokopija.lt\/en\/wp-json\/wp\/v2\/types\/product"}],"wp:featuredmedia":[{"embeddable":true,"href":"https:\/\/fotokopija.lt\/en\/wp-json\/wp\/v2\/media\/2240"}],"wp:attachment":[{"href":"https:\/\/fotokopija.lt\/en\/wp-json\/wp\/v2\/media?parent=2169"}],"wp:term":[{"taxonomy":"product_brand","embeddable":true,"href":"https:\/\/fotokopija.lt\/en\/wp-json\/wp\/v2\/product_brand?post=2169"},{"taxonomy":"product_cat","embeddable":true,"href":"https:\/\/fotokopija.lt\/en\/wp-json\/wp\/v2\/product_cat?post=2169"},{"taxonomy":"product_tag","embeddable":true,"href":"https:\/\/fotokopija.lt\/en\/wp-json\/wp\/v2\/product_tag?post=2169"}],"curies":[{"name":"wp","href":"https:\/\/api.w.org\/{rel}","templated":true}]}}