{"id":2167,"date":"2025-10-31T12:36:07","date_gmt":"2025-10-31T10:36:07","guid":{"rendered":"https:\/\/fotokopija.lt\/?post_type=product&#038;p=2167"},"modified":"2025-11-11T14:43:50","modified_gmt":"2025-11-11T12:43:50","slug":"ilford-xp2-400-bw","status":"publish","type":"product","link":"https:\/\/fotokopija.lt\/en\/produktas\/ilford-xp2-400-bw\/","title":{"rendered":"Ilford XP2 400 BW"},"content":{"rendered":"<p>\u201eILFORD XP2 SUPER\u201c \u2013 tai greita, ry\u0161ki, nespalvota fotojuosta su smulkiais gr\u016bdeliais ir pla\u010diu toniniu diapazonu. Ji itin universali, tod\u0117l puikiai tinka naudoti j\u016bs\u0173 fotoaparate.<\/p>\n<p>Ji pasi\u017eymi ypa\u010d pla\u010diu ekspozicijos diapazonu ir u\u017etikrina puikius rezultatus, \u012fskaitant ai\u0161kiai apibr\u0117\u017etus pary\u0161kinimus ir \u0161e\u0161\u0117lius, net esant nenusp\u0117jamam ap\u0161vietimui ar didelio kontrasto scenoms, kur objekto ry\u0161kumas gali b\u016bti labai \u012fvairus.<\/p>\n<p>\u201eXP2 SUPER\u201c taip pat u\u017etikrina padidint\u0105 negatyvo kontrast\u0105, kad b\u016bt\u0173 u\u017etikrinta optimali nespalvoto spausdinimo kokyb\u0117. D\u0117l to ji puikiai tinka tiek nuskaitymui, tiek spaudini\u0173 didinimui.<\/p>\n<p>Ta\u010diau pagrindinis \u0161ios pl\u0117vel\u0117s i\u0161skirtinumas yra tas, kad nors tai tikra nespalvota pl\u0117vel\u0117, j\u0105 galima apdoroti C41 tipo apdorojimo chemin\u0117mis med\u017eiagomis kartu su spalvotomis negatyvo pl\u0117vel\u0117mis. D\u0117l to ji yra geriausias pasirinkimas fotografams, kurie nori fotografuoti pl\u0117vele, ta\u010diau nori patogiai apdoroti j\u0105 parduotuv\u0117je.<\/p>\n<p>\u201eXP2 SUPER\u201c taip pat ypatinga tuo, kad tuo pa\u010diu pl\u0117vel\u0117s ritin\u0117liu galima fotografuoti skirtingu grei\u010diu \u2013 nuo \u200b\u200bISO 50 iki 800 \u2013 ir apdoroti kaip ir standartin\u0119 C41 pl\u0117vel\u0119.<\/p>\n","protected":false},"excerpt":{"rendered":"<p>\u201eILFORD XP2 SUPER\u201c \u2013 tai greita, ry\u0161ki, nespalvota fotojuosta su smulkiais gr\u016bdeliais ir pla\u010diu toniniu diapazonu. Ji itin universali, tod\u0117l puikiai tinka naudoti j\u016bs\u0173 fotoaparate. Ji pasi\u017eymi ypa\u010d pla\u010diu ekspozicijos diapazonu ir u\u017etikrina puikius rezultatus, \u012fskaitant ai\u0161kiai apibr\u0117\u017etus pary\u0161kinimus ir \u0161e\u0161\u0117lius, net esant nenusp\u0117jamam ap\u0161vietimui ar didelio kontrasto scenoms, kur objekto ry\u0161kumas gali b\u016bti labai [&hellip;]<\/p>\n","protected":false},"featured_media":2237,"template":"","meta":{"_et_pb_use_builder":"","_et_pb_old_content":"","_et_gb_content_width":""},"product_brand":[],"product_cat":[41],"product_tag":[],"class_list":{"0":"post-2167","1":"product","2":"type-product","3":"status-publish","4":"has-post-thumbnail","6":"product_cat-35-mm-foto-juostos","8":"first","9":"instock","10":"taxable","11":"shipping-taxable","12":"purchasable","13":"product-type-simple"},"yoast_head":"<!-- This site is optimized with the Yoast SEO plugin v27.5 - https:\/\/yoast.com\/product\/yoast-seo-wordpress\/ -->\n<title>Ilford XP2 400 BW - fotokopija.lt<\/title>\n<meta name=\"robots\" content=\"index, follow, max-snippet:-1, max-image-preview:large, max-video-preview:-1\" \/>\n<link rel=\"canonical\" href=\"https:\/\/fotokopija.lt\/en\/produktas\/ilford-xp2-400-bw\/\" \/>\n<meta property=\"og:locale\" content=\"en_US\" \/>\n<meta property=\"og:type\" content=\"article\" \/>\n<meta property=\"og:title\" content=\"Ilford XP2 400 BW - fotokopija.lt\" \/>\n<meta property=\"og:description\" content=\"\u201eILFORD XP2 SUPER\u201c \u2013 tai greita, ry\u0161ki, nespalvota fotojuosta su smulkiais gr\u016bdeliais ir pla\u010diu toniniu diapazonu. Ji itin universali, tod\u0117l puikiai tinka naudoti j\u016bs\u0173 fotoaparate. Ji pasi\u017eymi ypa\u010d pla\u010diu ekspozicijos diapazonu ir u\u017etikrina puikius rezultatus, \u012fskaitant ai\u0161kiai apibr\u0117\u017etus pary\u0161kinimus ir \u0161e\u0161\u0117lius, net esant nenusp\u0117jamam ap\u0161vietimui ar didelio kontrasto scenoms, kur objekto ry\u0161kumas gali b\u016bti labai [&hellip;]\" \/>\n<meta property=\"og:url\" content=\"https:\/\/fotokopija.lt\/en\/produktas\/ilford-xp2-400-bw\/\" \/>\n<meta property=\"og:site_name\" content=\"fotokopija.lt\" \/>\n<meta property=\"article:modified_time\" content=\"2025-11-11T12:43:50+00:00\" \/>\n<meta property=\"og:image\" content=\"https:\/\/fotokopija.lt\/wp-content\/uploads\/Ilford-XP2-400-BW.webp\" \/>\n\t<meta property=\"og:image:width\" content=\"1000\" \/>\n\t<meta property=\"og:image:height\" content=\"1000\" \/>\n\t<meta property=\"og:image:type\" content=\"image\/webp\" \/>\n<meta name=\"twitter:card\" content=\"summary_large_image\" \/>\n<meta name=\"twitter:label1\" content=\"Est. reading time\" \/>\n\t<meta name=\"twitter:data1\" content=\"2 minutes\" \/>\n<script type=\"application\/ld+json\" class=\"yoast-schema-graph\">{\"@context\":\"https:\\\/\\\/schema.org\",\"@graph\":[{\"@type\":\"WebPage\",\"@id\":\"https:\\\/\\\/fotokopija.lt\\\/en\\\/produktas\\\/ilford-xp2-400-bw\\\/\",\"url\":\"https:\\\/\\\/fotokopija.lt\\\/en\\\/produktas\\\/ilford-xp2-400-bw\\\/\",\"name\":\"Ilford XP2 400 BW - fotokopija.lt\",\"isPartOf\":{\"@id\":\"https:\\\/\\\/fotokopija.lt\\\/en\\\/#website\"},\"primaryImageOfPage\":{\"@id\":\"https:\\\/\\\/fotokopija.lt\\\/en\\\/produktas\\\/ilford-xp2-400-bw\\\/#primaryimage\"},\"image\":{\"@id\":\"https:\\\/\\\/fotokopija.lt\\\/en\\\/produktas\\\/ilford-xp2-400-bw\\\/#primaryimage\"},\"thumbnailUrl\":\"https:\\\/\\\/fotokopija.lt\\\/wp-content\\\/uploads\\\/Ilford-XP2-400-BW.webp\",\"datePublished\":\"2025-10-31T10:36:07+00:00\",\"dateModified\":\"2025-11-11T12:43:50+00:00\",\"breadcrumb\":{\"@id\":\"https:\\\/\\\/fotokopija.lt\\\/en\\\/produktas\\\/ilford-xp2-400-bw\\\/#breadcrumb\"},\"inLanguage\":\"en-US\",\"potentialAction\":[{\"@type\":\"ReadAction\",\"target\":[\"https:\\\/\\\/fotokopija.lt\\\/en\\\/produktas\\\/ilford-xp2-400-bw\\\/\"]}]},{\"@type\":\"ImageObject\",\"inLanguage\":\"en-US\",\"@id\":\"https:\\\/\\\/fotokopija.lt\\\/en\\\/produktas\\\/ilford-xp2-400-bw\\\/#primaryimage\",\"url\":\"https:\\\/\\\/fotokopija.lt\\\/wp-content\\\/uploads\\\/Ilford-XP2-400-BW.webp\",\"contentUrl\":\"https:\\\/\\\/fotokopija.lt\\\/wp-content\\\/uploads\\\/Ilford-XP2-400-BW.webp\",\"width\":1000,\"height\":1000},{\"@type\":\"BreadcrumbList\",\"@id\":\"https:\\\/\\\/fotokopija.lt\\\/en\\\/produktas\\\/ilford-xp2-400-bw\\\/#breadcrumb\",\"itemListElement\":[{\"@type\":\"ListItem\",\"position\":1,\"name\":\"Home\",\"item\":\"https:\\\/\\\/fotokopija.lt\\\/en\\\/\"},{\"@type\":\"ListItem\",\"position\":2,\"name\":\"Parduotuv\u0117\",\"item\":\"https:\\\/\\\/fotokopija.lt\\\/parduotuve\\\/\"},{\"@type\":\"ListItem\",\"position\":3,\"name\":\"Ilford XP2 400 BW\"}]},{\"@type\":\"WebSite\",\"@id\":\"https:\\\/\\\/fotokopija.lt\\\/en\\\/#website\",\"url\":\"https:\\\/\\\/fotokopija.lt\\\/en\\\/\",\"name\":\"fotokopija.lt\",\"description\":\"Fotopaslaugos \\\/ Fotoprek\u0117s\",\"potentialAction\":[{\"@type\":\"SearchAction\",\"target\":{\"@type\":\"EntryPoint\",\"urlTemplate\":\"https:\\\/\\\/fotokopija.lt\\\/en\\\/?s={search_term_string}\"},\"query-input\":{\"@type\":\"PropertyValueSpecification\",\"valueRequired\":true,\"valueName\":\"search_term_string\"}}],\"inLanguage\":\"en-US\"}]}<\/script>\n<!-- \/ Yoast SEO plugin. -->","yoast_head_json":{"title":"Ilford XP2 400 BW - fotokopija.lt","robots":{"index":"index","follow":"follow","max-snippet":"max-snippet:-1","max-image-preview":"max-image-preview:large","max-video-preview":"max-video-preview:-1"},"canonical":"https:\/\/fotokopija.lt\/en\/produktas\/ilford-xp2-400-bw\/","og_locale":"en_US","og_type":"article","og_title":"Ilford XP2 400 BW - fotokopija.lt","og_description":"\u201eILFORD XP2 SUPER\u201c \u2013 tai greita, ry\u0161ki, nespalvota fotojuosta su smulkiais gr\u016bdeliais ir pla\u010diu toniniu diapazonu. Ji itin universali, tod\u0117l puikiai tinka naudoti j\u016bs\u0173 fotoaparate. Ji pasi\u017eymi ypa\u010d pla\u010diu ekspozicijos diapazonu ir u\u017etikrina puikius rezultatus, \u012fskaitant ai\u0161kiai apibr\u0117\u017etus pary\u0161kinimus ir \u0161e\u0161\u0117lius, net esant nenusp\u0117jamam ap\u0161vietimui ar didelio kontrasto scenoms, kur objekto ry\u0161kumas gali b\u016bti labai [&hellip;]","og_url":"https:\/\/fotokopija.lt\/en\/produktas\/ilford-xp2-400-bw\/","og_site_name":"fotokopija.lt","article_modified_time":"2025-11-11T12:43:50+00:00","og_image":[{"width":1000,"height":1000,"url":"https:\/\/fotokopija.lt\/wp-content\/uploads\/Ilford-XP2-400-BW.webp","type":"image\/webp"}],"twitter_card":"summary_large_image","twitter_misc":{"Est. reading time":"2 minutes"},"schema":{"@context":"https:\/\/schema.org","@graph":[{"@type":"WebPage","@id":"https:\/\/fotokopija.lt\/en\/produktas\/ilford-xp2-400-bw\/","url":"https:\/\/fotokopija.lt\/en\/produktas\/ilford-xp2-400-bw\/","name":"Ilford XP2 400 BW - fotokopija.lt","isPartOf":{"@id":"https:\/\/fotokopija.lt\/en\/#website"},"primaryImageOfPage":{"@id":"https:\/\/fotokopija.lt\/en\/produktas\/ilford-xp2-400-bw\/#primaryimage"},"image":{"@id":"https:\/\/fotokopija.lt\/en\/produktas\/ilford-xp2-400-bw\/#primaryimage"},"thumbnailUrl":"https:\/\/fotokopija.lt\/wp-content\/uploads\/Ilford-XP2-400-BW.webp","datePublished":"2025-10-31T10:36:07+00:00","dateModified":"2025-11-11T12:43:50+00:00","breadcrumb":{"@id":"https:\/\/fotokopija.lt\/en\/produktas\/ilford-xp2-400-bw\/#breadcrumb"},"inLanguage":"en-US","potentialAction":[{"@type":"ReadAction","target":["https:\/\/fotokopija.lt\/en\/produktas\/ilford-xp2-400-bw\/"]}]},{"@type":"ImageObject","inLanguage":"en-US","@id":"https:\/\/fotokopija.lt\/en\/produktas\/ilford-xp2-400-bw\/#primaryimage","url":"https:\/\/fotokopija.lt\/wp-content\/uploads\/Ilford-XP2-400-BW.webp","contentUrl":"https:\/\/fotokopija.lt\/wp-content\/uploads\/Ilford-XP2-400-BW.webp","width":1000,"height":1000},{"@type":"BreadcrumbList","@id":"https:\/\/fotokopija.lt\/en\/produktas\/ilford-xp2-400-bw\/#breadcrumb","itemListElement":[{"@type":"ListItem","position":1,"name":"Home","item":"https:\/\/fotokopija.lt\/en\/"},{"@type":"ListItem","position":2,"name":"Parduotuv\u0117","item":"https:\/\/fotokopija.lt\/parduotuve\/"},{"@type":"ListItem","position":3,"name":"Ilford XP2 400 BW"}]},{"@type":"WebSite","@id":"https:\/\/fotokopija.lt\/en\/#website","url":"https:\/\/fotokopija.lt\/en\/","name":"fotokopija.lt","description":"Fotopaslaugos \/ Fotoprek\u0117s","potentialAction":[{"@type":"SearchAction","target":{"@type":"EntryPoint","urlTemplate":"https:\/\/fotokopija.lt\/en\/?s={search_term_string}"},"query-input":{"@type":"PropertyValueSpecification","valueRequired":true,"valueName":"search_term_string"}}],"inLanguage":"en-US"}]}},"_links":{"self":[{"href":"https:\/\/fotokopija.lt\/en\/wp-json\/wp\/v2\/product\/2167","targetHints":{"allow":["GET"]}}],"collection":[{"href":"https:\/\/fotokopija.lt\/en\/wp-json\/wp\/v2\/product"}],"about":[{"href":"https:\/\/fotokopija.lt\/en\/wp-json\/wp\/v2\/types\/product"}],"wp:featuredmedia":[{"embeddable":true,"href":"https:\/\/fotokopija.lt\/en\/wp-json\/wp\/v2\/media\/2237"}],"wp:attachment":[{"href":"https:\/\/fotokopija.lt\/en\/wp-json\/wp\/v2\/media?parent=2167"}],"wp:term":[{"taxonomy":"product_brand","embeddable":true,"href":"https:\/\/fotokopija.lt\/en\/wp-json\/wp\/v2\/product_brand?post=2167"},{"taxonomy":"product_cat","embeddable":true,"href":"https:\/\/fotokopija.lt\/en\/wp-json\/wp\/v2\/product_cat?post=2167"},{"taxonomy":"product_tag","embeddable":true,"href":"https:\/\/fotokopija.lt\/en\/wp-json\/wp\/v2\/product_tag?post=2167"}],"curies":[{"name":"wp","href":"https:\/\/api.w.org\/{rel}","templated":true}]}}