{"id":2166,"date":"2025-10-31T12:20:44","date_gmt":"2025-10-31T10:20:44","guid":{"rendered":"https:\/\/fotokopija.lt\/?post_type=product&#038;p=2166"},"modified":"2025-11-11T14:47:38","modified_gmt":"2025-11-11T12:47:38","slug":"kodak-gold-200-36","status":"publish","type":"product","link":"https:\/\/fotokopija.lt\/en\/produktas\/kodak-gold-200-36\/","title":{"rendered":"Kodak Gold 200\/36"},"content":{"rendered":"<p>Fotojuosta \u201eKodak Gold 200\/36\u201c kadrai.<br \/>\n\u201eKodak Gold 200\u201c juosta puikiai veikia esant ry\u0161kiai arba dalinai saul\u0117tai \u0161viesai. \u0160i juosta pasi\u017eymi dideliu ry\u0161kumu ir didele rai\u0161ka, taip pat puikiai tinka bendrai fotografijai. Didel\u0117 rai\u0161ka puikiai tinka fotografuojant sport\u0105, greit\u0105 veiksm\u0105 ir natiurmortus.<\/p>\n","protected":false},"excerpt":{"rendered":"<p>Fotojuosta \u201eKodak Gold 200\/36\u201c kadrai. \u201eKodak Gold 200\u201c juosta puikiai veikia esant ry\u0161kiai arba dalinai saul\u0117tai \u0161viesai. \u0160i juosta pasi\u017eymi dideliu ry\u0161kumu ir didele rai\u0161ka, taip pat puikiai tinka bendrai fotografijai. Didel\u0117 rai\u0161ka puikiai tinka fotografuojant sport\u0105, greit\u0105 veiksm\u0105 ir natiurmortus.<\/p>\n","protected":false},"featured_media":2238,"template":"","meta":{"_et_pb_use_builder":"","_et_pb_old_content":"","_et_gb_content_width":""},"product_brand":[],"product_cat":[41],"product_tag":[],"class_list":{"0":"post-2166","1":"product","2":"type-product","3":"status-publish","4":"has-post-thumbnail","6":"product_cat-35-mm-foto-juostos","8":"first","9":"instock","10":"taxable","11":"shipping-taxable","12":"purchasable","13":"product-type-simple"},"yoast_head":"<!-- This site is optimized with the Yoast SEO plugin v27.2 - https:\/\/yoast.com\/product\/yoast-seo-wordpress\/ -->\n<title>Kodak Gold 200\/36 - fotokopija.lt<\/title>\n<meta name=\"robots\" content=\"index, follow, max-snippet:-1, max-image-preview:large, max-video-preview:-1\" \/>\n<link rel=\"canonical\" href=\"https:\/\/fotokopija.lt\/en\/produktas\/kodak-gold-200-36\/\" \/>\n<meta property=\"og:locale\" content=\"en_US\" \/>\n<meta property=\"og:type\" content=\"article\" \/>\n<meta property=\"og:title\" content=\"Kodak Gold 200\/36 - fotokopija.lt\" \/>\n<meta property=\"og:description\" content=\"Fotojuosta \u201eKodak Gold 200\/36\u201c kadrai. \u201eKodak Gold 200\u201c juosta puikiai veikia esant ry\u0161kiai arba dalinai saul\u0117tai \u0161viesai. \u0160i juosta pasi\u017eymi dideliu ry\u0161kumu ir didele rai\u0161ka, taip pat puikiai tinka bendrai fotografijai. Didel\u0117 rai\u0161ka puikiai tinka fotografuojant sport\u0105, greit\u0105 veiksm\u0105 ir natiurmortus.\" \/>\n<meta property=\"og:url\" content=\"https:\/\/fotokopija.lt\/en\/produktas\/kodak-gold-200-36\/\" \/>\n<meta property=\"og:site_name\" content=\"fotokopija.lt\" \/>\n<meta property=\"article:modified_time\" content=\"2025-11-11T12:47:38+00:00\" \/>\n<meta property=\"og:image\" content=\"https:\/\/fotokopija.lt\/wp-content\/uploads\/Kodak-Gold-200-36.webp\" \/>\n\t<meta property=\"og:image:width\" content=\"1000\" \/>\n\t<meta property=\"og:image:height\" content=\"1000\" \/>\n\t<meta property=\"og:image:type\" content=\"image\/webp\" \/>\n<meta name=\"twitter:card\" content=\"summary_large_image\" \/>\n<meta name=\"twitter:label1\" content=\"Est. reading time\" \/>\n\t<meta name=\"twitter:data1\" content=\"1 minute\" \/>\n<script type=\"application\/ld+json\" class=\"yoast-schema-graph\">{\"@context\":\"https:\/\/schema.org\",\"@graph\":[{\"@type\":\"WebPage\",\"@id\":\"https:\/\/fotokopija.lt\/en\/produktas\/kodak-gold-200-36\/\",\"url\":\"https:\/\/fotokopija.lt\/en\/produktas\/kodak-gold-200-36\/\",\"name\":\"Kodak Gold 200\/36 - fotokopija.lt\",\"isPartOf\":{\"@id\":\"https:\/\/fotokopija.lt\/en\/#website\"},\"primaryImageOfPage\":{\"@id\":\"https:\/\/fotokopija.lt\/en\/produktas\/kodak-gold-200-36\/#primaryimage\"},\"image\":{\"@id\":\"https:\/\/fotokopija.lt\/en\/produktas\/kodak-gold-200-36\/#primaryimage\"},\"thumbnailUrl\":\"https:\/\/fotokopija.lt\/wp-content\/uploads\/Kodak-Gold-200-36.webp\",\"datePublished\":\"2025-10-31T10:20:44+00:00\",\"dateModified\":\"2025-11-11T12:47:38+00:00\",\"breadcrumb\":{\"@id\":\"https:\/\/fotokopija.lt\/en\/produktas\/kodak-gold-200-36\/#breadcrumb\"},\"inLanguage\":\"en-US\",\"potentialAction\":[{\"@type\":\"ReadAction\",\"target\":[\"https:\/\/fotokopija.lt\/en\/produktas\/kodak-gold-200-36\/\"]}]},{\"@type\":\"ImageObject\",\"inLanguage\":\"en-US\",\"@id\":\"https:\/\/fotokopija.lt\/en\/produktas\/kodak-gold-200-36\/#primaryimage\",\"url\":\"https:\/\/fotokopija.lt\/wp-content\/uploads\/Kodak-Gold-200-36.webp\",\"contentUrl\":\"https:\/\/fotokopija.lt\/wp-content\/uploads\/Kodak-Gold-200-36.webp\",\"width\":1000,\"height\":1000},{\"@type\":\"BreadcrumbList\",\"@id\":\"https:\/\/fotokopija.lt\/en\/produktas\/kodak-gold-200-36\/#breadcrumb\",\"itemListElement\":[{\"@type\":\"ListItem\",\"position\":1,\"name\":\"Home\",\"item\":\"https:\/\/fotokopija.lt\/en\/\"},{\"@type\":\"ListItem\",\"position\":2,\"name\":\"Parduotuv\u0117\",\"item\":\"https:\/\/fotokopija.lt\/parduotuve\/\"},{\"@type\":\"ListItem\",\"position\":3,\"name\":\"Kodak Gold 200\/36\"}]},{\"@type\":\"WebSite\",\"@id\":\"https:\/\/fotokopija.lt\/en\/#website\",\"url\":\"https:\/\/fotokopija.lt\/en\/\",\"name\":\"fotokopija.lt\",\"description\":\"Fotopaslaugos \/ Fotoprek\u0117s\",\"potentialAction\":[{\"@type\":\"SearchAction\",\"target\":{\"@type\":\"EntryPoint\",\"urlTemplate\":\"https:\/\/fotokopija.lt\/en\/?s={search_term_string}\"},\"query-input\":{\"@type\":\"PropertyValueSpecification\",\"valueRequired\":true,\"valueName\":\"search_term_string\"}}],\"inLanguage\":\"en-US\"}]}<\/script>\n<!-- \/ Yoast SEO plugin. -->","yoast_head_json":{"title":"Kodak Gold 200\/36 - fotokopija.lt","robots":{"index":"index","follow":"follow","max-snippet":"max-snippet:-1","max-image-preview":"max-image-preview:large","max-video-preview":"max-video-preview:-1"},"canonical":"https:\/\/fotokopija.lt\/en\/produktas\/kodak-gold-200-36\/","og_locale":"en_US","og_type":"article","og_title":"Kodak Gold 200\/36 - fotokopija.lt","og_description":"Fotojuosta \u201eKodak Gold 200\/36\u201c kadrai. \u201eKodak Gold 200\u201c juosta puikiai veikia esant ry\u0161kiai arba dalinai saul\u0117tai \u0161viesai. \u0160i juosta pasi\u017eymi dideliu ry\u0161kumu ir didele rai\u0161ka, taip pat puikiai tinka bendrai fotografijai. Didel\u0117 rai\u0161ka puikiai tinka fotografuojant sport\u0105, greit\u0105 veiksm\u0105 ir natiurmortus.","og_url":"https:\/\/fotokopija.lt\/en\/produktas\/kodak-gold-200-36\/","og_site_name":"fotokopija.lt","article_modified_time":"2025-11-11T12:47:38+00:00","og_image":[{"width":1000,"height":1000,"url":"https:\/\/fotokopija.lt\/wp-content\/uploads\/Kodak-Gold-200-36.webp","type":"image\/webp"}],"twitter_card":"summary_large_image","twitter_misc":{"Est. reading time":"1 minute"},"schema":{"@context":"https:\/\/schema.org","@graph":[{"@type":"WebPage","@id":"https:\/\/fotokopija.lt\/en\/produktas\/kodak-gold-200-36\/","url":"https:\/\/fotokopija.lt\/en\/produktas\/kodak-gold-200-36\/","name":"Kodak Gold 200\/36 - fotokopija.lt","isPartOf":{"@id":"https:\/\/fotokopija.lt\/en\/#website"},"primaryImageOfPage":{"@id":"https:\/\/fotokopija.lt\/en\/produktas\/kodak-gold-200-36\/#primaryimage"},"image":{"@id":"https:\/\/fotokopija.lt\/en\/produktas\/kodak-gold-200-36\/#primaryimage"},"thumbnailUrl":"https:\/\/fotokopija.lt\/wp-content\/uploads\/Kodak-Gold-200-36.webp","datePublished":"2025-10-31T10:20:44+00:00","dateModified":"2025-11-11T12:47:38+00:00","breadcrumb":{"@id":"https:\/\/fotokopija.lt\/en\/produktas\/kodak-gold-200-36\/#breadcrumb"},"inLanguage":"en-US","potentialAction":[{"@type":"ReadAction","target":["https:\/\/fotokopija.lt\/en\/produktas\/kodak-gold-200-36\/"]}]},{"@type":"ImageObject","inLanguage":"en-US","@id":"https:\/\/fotokopija.lt\/en\/produktas\/kodak-gold-200-36\/#primaryimage","url":"https:\/\/fotokopija.lt\/wp-content\/uploads\/Kodak-Gold-200-36.webp","contentUrl":"https:\/\/fotokopija.lt\/wp-content\/uploads\/Kodak-Gold-200-36.webp","width":1000,"height":1000},{"@type":"BreadcrumbList","@id":"https:\/\/fotokopija.lt\/en\/produktas\/kodak-gold-200-36\/#breadcrumb","itemListElement":[{"@type":"ListItem","position":1,"name":"Home","item":"https:\/\/fotokopija.lt\/en\/"},{"@type":"ListItem","position":2,"name":"Parduotuv\u0117","item":"https:\/\/fotokopija.lt\/parduotuve\/"},{"@type":"ListItem","position":3,"name":"Kodak Gold 200\/36"}]},{"@type":"WebSite","@id":"https:\/\/fotokopija.lt\/en\/#website","url":"https:\/\/fotokopija.lt\/en\/","name":"fotokopija.lt","description":"Fotopaslaugos \/ Fotoprek\u0117s","potentialAction":[{"@type":"SearchAction","target":{"@type":"EntryPoint","urlTemplate":"https:\/\/fotokopija.lt\/en\/?s={search_term_string}"},"query-input":{"@type":"PropertyValueSpecification","valueRequired":true,"valueName":"search_term_string"}}],"inLanguage":"en-US"}]}},"_links":{"self":[{"href":"https:\/\/fotokopija.lt\/en\/wp-json\/wp\/v2\/product\/2166","targetHints":{"allow":["GET"]}}],"collection":[{"href":"https:\/\/fotokopija.lt\/en\/wp-json\/wp\/v2\/product"}],"about":[{"href":"https:\/\/fotokopija.lt\/en\/wp-json\/wp\/v2\/types\/product"}],"wp:featuredmedia":[{"embeddable":true,"href":"https:\/\/fotokopija.lt\/en\/wp-json\/wp\/v2\/media\/2238"}],"wp:attachment":[{"href":"https:\/\/fotokopija.lt\/en\/wp-json\/wp\/v2\/media?parent=2166"}],"wp:term":[{"taxonomy":"product_brand","embeddable":true,"href":"https:\/\/fotokopija.lt\/en\/wp-json\/wp\/v2\/product_brand?post=2166"},{"taxonomy":"product_cat","embeddable":true,"href":"https:\/\/fotokopija.lt\/en\/wp-json\/wp\/v2\/product_cat?post=2166"},{"taxonomy":"product_tag","embeddable":true,"href":"https:\/\/fotokopija.lt\/en\/wp-json\/wp\/v2\/product_tag?post=2166"}],"curies":[{"name":"wp","href":"https:\/\/api.w.org\/{rel}","templated":true}]}}