{"id":2155,"date":"2025-10-31T11:51:10","date_gmt":"2025-10-31T09:51:10","guid":{"rendered":"https:\/\/fotokopija.lt\/?post_type=product&#038;p=2155"},"modified":"2026-04-04T13:28:28","modified_gmt":"2026-04-04T10:28:28","slug":"fujifilm-200-36","status":"publish","type":"product","link":"https:\/\/fotokopija.lt\/en\/produktas\/fujifilm-200-36\/","title":{"rendered":"FujiFilm 200\/36"},"content":{"rendered":"<p>Universali ir lengvai naudojama fotojuosta, tinkanti fotografuoti tiek dienos \u0161viesoje, tiek patalpose su blykste. Ji pasi\u017eymi ry\u0161kiu vaizdu ir lygiais gr\u016bdeliais.<\/p>\n<p>36 kadrai. Juostel\u0117s ry\u0161kinimo procesas &#8211; C41, CN16 (Fuji).<\/p>\n","protected":false},"excerpt":{"rendered":"<p>Universali ir lengvai naudojama fotojuosta, tinkanti fotografuoti tiek dienos \u0161viesoje, tiek patalpose su blykste. Ji pasi\u017eymi ry\u0161kiu vaizdu ir lygiais gr\u016bdeliais. 36 kadrai. Juostel\u0117s ry\u0161kinimo procesas &#8211; C41, CN16 (Fuji).<\/p>\n","protected":false},"featured_media":2234,"template":"","meta":{"_et_pb_use_builder":"","_et_pb_old_content":"","_et_gb_content_width":""},"product_brand":[],"product_cat":[41],"product_tag":[],"class_list":{"0":"post-2155","1":"product","2":"type-product","3":"status-publish","4":"has-post-thumbnail","6":"product_cat-35-mm-foto-juostos","8":"first","9":"outofstock","10":"taxable","11":"shipping-taxable","12":"purchasable","13":"product-type-simple"},"yoast_head":"<!-- This site is optimized with the Yoast SEO plugin v27.5 - https:\/\/yoast.com\/product\/yoast-seo-wordpress\/ -->\n<title>FujiFilm 200\/36 - fotokopija.lt<\/title>\n<meta name=\"robots\" content=\"index, follow, max-snippet:-1, max-image-preview:large, max-video-preview:-1\" \/>\n<link rel=\"canonical\" href=\"https:\/\/fotokopija.lt\/en\/produktas\/fujifilm-200-36\/\" \/>\n<meta property=\"og:locale\" content=\"en_US\" \/>\n<meta property=\"og:type\" content=\"article\" \/>\n<meta property=\"og:title\" content=\"FujiFilm 200\/36 - fotokopija.lt\" \/>\n<meta property=\"og:description\" content=\"Universali ir lengvai naudojama fotojuosta, tinkanti fotografuoti tiek dienos \u0161viesoje, tiek patalpose su blykste. Ji pasi\u017eymi ry\u0161kiu vaizdu ir lygiais gr\u016bdeliais. 36 kadrai. Juostel\u0117s ry\u0161kinimo procesas &#8211; C41, CN16 (Fuji).\" \/>\n<meta property=\"og:url\" content=\"https:\/\/fotokopija.lt\/en\/produktas\/fujifilm-200-36\/\" \/>\n<meta property=\"og:site_name\" content=\"fotokopija.lt\" \/>\n<meta property=\"article:modified_time\" content=\"2026-04-04T10:28:28+00:00\" \/>\n<meta property=\"og:image\" content=\"https:\/\/fotokopija.lt\/wp-content\/uploads\/FujiFilm-200-36.webp\" \/>\n\t<meta property=\"og:image:width\" content=\"1000\" \/>\n\t<meta property=\"og:image:height\" content=\"1000\" \/>\n\t<meta property=\"og:image:type\" content=\"image\/webp\" \/>\n<meta name=\"twitter:card\" content=\"summary_large_image\" \/>\n<meta name=\"twitter:label1\" content=\"Est. reading time\" \/>\n\t<meta name=\"twitter:data1\" content=\"1 minute\" \/>\n<script type=\"application\/ld+json\" class=\"yoast-schema-graph\">{\"@context\":\"https:\\\/\\\/schema.org\",\"@graph\":[{\"@type\":\"WebPage\",\"@id\":\"https:\\\/\\\/fotokopija.lt\\\/en\\\/produktas\\\/fujifilm-200-36\\\/\",\"url\":\"https:\\\/\\\/fotokopija.lt\\\/en\\\/produktas\\\/fujifilm-200-36\\\/\",\"name\":\"FujiFilm 200\\\/36 - fotokopija.lt\",\"isPartOf\":{\"@id\":\"https:\\\/\\\/fotokopija.lt\\\/en\\\/#website\"},\"primaryImageOfPage\":{\"@id\":\"https:\\\/\\\/fotokopija.lt\\\/en\\\/produktas\\\/fujifilm-200-36\\\/#primaryimage\"},\"image\":{\"@id\":\"https:\\\/\\\/fotokopija.lt\\\/en\\\/produktas\\\/fujifilm-200-36\\\/#primaryimage\"},\"thumbnailUrl\":\"https:\\\/\\\/fotokopija.lt\\\/wp-content\\\/uploads\\\/FujiFilm-200-36.webp\",\"datePublished\":\"2025-10-31T09:51:10+00:00\",\"dateModified\":\"2026-04-04T10:28:28+00:00\",\"breadcrumb\":{\"@id\":\"https:\\\/\\\/fotokopija.lt\\\/en\\\/produktas\\\/fujifilm-200-36\\\/#breadcrumb\"},\"inLanguage\":\"en-US\",\"potentialAction\":[{\"@type\":\"ReadAction\",\"target\":[\"https:\\\/\\\/fotokopija.lt\\\/en\\\/produktas\\\/fujifilm-200-36\\\/\"]}]},{\"@type\":\"ImageObject\",\"inLanguage\":\"en-US\",\"@id\":\"https:\\\/\\\/fotokopija.lt\\\/en\\\/produktas\\\/fujifilm-200-36\\\/#primaryimage\",\"url\":\"https:\\\/\\\/fotokopija.lt\\\/wp-content\\\/uploads\\\/FujiFilm-200-36.webp\",\"contentUrl\":\"https:\\\/\\\/fotokopija.lt\\\/wp-content\\\/uploads\\\/FujiFilm-200-36.webp\",\"width\":1000,\"height\":1000},{\"@type\":\"BreadcrumbList\",\"@id\":\"https:\\\/\\\/fotokopija.lt\\\/en\\\/produktas\\\/fujifilm-200-36\\\/#breadcrumb\",\"itemListElement\":[{\"@type\":\"ListItem\",\"position\":1,\"name\":\"Home\",\"item\":\"https:\\\/\\\/fotokopija.lt\\\/en\\\/\"},{\"@type\":\"ListItem\",\"position\":2,\"name\":\"Parduotuv\u0117\",\"item\":\"https:\\\/\\\/fotokopija.lt\\\/parduotuve\\\/\"},{\"@type\":\"ListItem\",\"position\":3,\"name\":\"FujiFilm 200\\\/36\"}]},{\"@type\":\"WebSite\",\"@id\":\"https:\\\/\\\/fotokopija.lt\\\/en\\\/#website\",\"url\":\"https:\\\/\\\/fotokopija.lt\\\/en\\\/\",\"name\":\"fotokopija.lt\",\"description\":\"Fotopaslaugos \\\/ Fotoprek\u0117s\",\"potentialAction\":[{\"@type\":\"SearchAction\",\"target\":{\"@type\":\"EntryPoint\",\"urlTemplate\":\"https:\\\/\\\/fotokopija.lt\\\/en\\\/?s={search_term_string}\"},\"query-input\":{\"@type\":\"PropertyValueSpecification\",\"valueRequired\":true,\"valueName\":\"search_term_string\"}}],\"inLanguage\":\"en-US\"}]}<\/script>\n<!-- \/ Yoast SEO plugin. -->","yoast_head_json":{"title":"FujiFilm 200\/36 - fotokopija.lt","robots":{"index":"index","follow":"follow","max-snippet":"max-snippet:-1","max-image-preview":"max-image-preview:large","max-video-preview":"max-video-preview:-1"},"canonical":"https:\/\/fotokopija.lt\/en\/produktas\/fujifilm-200-36\/","og_locale":"en_US","og_type":"article","og_title":"FujiFilm 200\/36 - fotokopija.lt","og_description":"Universali ir lengvai naudojama fotojuosta, tinkanti fotografuoti tiek dienos \u0161viesoje, tiek patalpose su blykste. Ji pasi\u017eymi ry\u0161kiu vaizdu ir lygiais gr\u016bdeliais. 36 kadrai. Juostel\u0117s ry\u0161kinimo procesas &#8211; C41, CN16 (Fuji).","og_url":"https:\/\/fotokopija.lt\/en\/produktas\/fujifilm-200-36\/","og_site_name":"fotokopija.lt","article_modified_time":"2026-04-04T10:28:28+00:00","og_image":[{"width":1000,"height":1000,"url":"https:\/\/fotokopija.lt\/wp-content\/uploads\/FujiFilm-200-36.webp","type":"image\/webp"}],"twitter_card":"summary_large_image","twitter_misc":{"Est. reading time":"1 minute"},"schema":{"@context":"https:\/\/schema.org","@graph":[{"@type":"WebPage","@id":"https:\/\/fotokopija.lt\/en\/produktas\/fujifilm-200-36\/","url":"https:\/\/fotokopija.lt\/en\/produktas\/fujifilm-200-36\/","name":"FujiFilm 200\/36 - fotokopija.lt","isPartOf":{"@id":"https:\/\/fotokopija.lt\/en\/#website"},"primaryImageOfPage":{"@id":"https:\/\/fotokopija.lt\/en\/produktas\/fujifilm-200-36\/#primaryimage"},"image":{"@id":"https:\/\/fotokopija.lt\/en\/produktas\/fujifilm-200-36\/#primaryimage"},"thumbnailUrl":"https:\/\/fotokopija.lt\/wp-content\/uploads\/FujiFilm-200-36.webp","datePublished":"2025-10-31T09:51:10+00:00","dateModified":"2026-04-04T10:28:28+00:00","breadcrumb":{"@id":"https:\/\/fotokopija.lt\/en\/produktas\/fujifilm-200-36\/#breadcrumb"},"inLanguage":"en-US","potentialAction":[{"@type":"ReadAction","target":["https:\/\/fotokopija.lt\/en\/produktas\/fujifilm-200-36\/"]}]},{"@type":"ImageObject","inLanguage":"en-US","@id":"https:\/\/fotokopija.lt\/en\/produktas\/fujifilm-200-36\/#primaryimage","url":"https:\/\/fotokopija.lt\/wp-content\/uploads\/FujiFilm-200-36.webp","contentUrl":"https:\/\/fotokopija.lt\/wp-content\/uploads\/FujiFilm-200-36.webp","width":1000,"height":1000},{"@type":"BreadcrumbList","@id":"https:\/\/fotokopija.lt\/en\/produktas\/fujifilm-200-36\/#breadcrumb","itemListElement":[{"@type":"ListItem","position":1,"name":"Home","item":"https:\/\/fotokopija.lt\/en\/"},{"@type":"ListItem","position":2,"name":"Parduotuv\u0117","item":"https:\/\/fotokopija.lt\/parduotuve\/"},{"@type":"ListItem","position":3,"name":"FujiFilm 200\/36"}]},{"@type":"WebSite","@id":"https:\/\/fotokopija.lt\/en\/#website","url":"https:\/\/fotokopija.lt\/en\/","name":"fotokopija.lt","description":"Fotopaslaugos \/ Fotoprek\u0117s","potentialAction":[{"@type":"SearchAction","target":{"@type":"EntryPoint","urlTemplate":"https:\/\/fotokopija.lt\/en\/?s={search_term_string}"},"query-input":{"@type":"PropertyValueSpecification","valueRequired":true,"valueName":"search_term_string"}}],"inLanguage":"en-US"}]}},"_links":{"self":[{"href":"https:\/\/fotokopija.lt\/en\/wp-json\/wp\/v2\/product\/2155","targetHints":{"allow":["GET"]}}],"collection":[{"href":"https:\/\/fotokopija.lt\/en\/wp-json\/wp\/v2\/product"}],"about":[{"href":"https:\/\/fotokopija.lt\/en\/wp-json\/wp\/v2\/types\/product"}],"wp:featuredmedia":[{"embeddable":true,"href":"https:\/\/fotokopija.lt\/en\/wp-json\/wp\/v2\/media\/2234"}],"wp:attachment":[{"href":"https:\/\/fotokopija.lt\/en\/wp-json\/wp\/v2\/media?parent=2155"}],"wp:term":[{"taxonomy":"product_brand","embeddable":true,"href":"https:\/\/fotokopija.lt\/en\/wp-json\/wp\/v2\/product_brand?post=2155"},{"taxonomy":"product_cat","embeddable":true,"href":"https:\/\/fotokopija.lt\/en\/wp-json\/wp\/v2\/product_cat?post=2155"},{"taxonomy":"product_tag","embeddable":true,"href":"https:\/\/fotokopija.lt\/en\/wp-json\/wp\/v2\/product_tag?post=2155"}],"curies":[{"name":"wp","href":"https:\/\/api.w.org\/{rel}","templated":true}]}}