{"id":2081,"date":"2025-10-24T15:47:17","date_gmt":"2025-10-24T12:47:17","guid":{"rendered":"https:\/\/fotokopija.lt\/?post_type=product&#038;p=2081"},"modified":"2026-03-04T14:58:57","modified_gmt":"2026-03-04T12:58:57","slug":"puodelis","status":"publish","type":"product","link":"https:\/\/fotokopija.lt\/en\/produktas\/puodelis\/","title":{"rendered":"Puodeliai"},"content":{"rendered":"<p>Pasirinkite puodelio spalv\u0105, spauskite &#8220;CREATE&#8221;.<\/p>\n<p>\u012ekelkite nuotrauk\u0105 ar kelias i\u0161 \u012frenginio ir tempkite ant \u0161ablono, galite prid\u0117ti iliustracij\u0173 ir tekst\u0105.<\/p>\n<p>U\u017ebaigus projekt\u0105, spauskite &#8220;Add to cart&#8221; ir pereikite prie u\u017esakymo formavimo.<\/p>\n","protected":false},"excerpt":{"rendered":"<p>Pasirinkite puodelio spalv\u0105, spauskite &#8220;CREATE&#8221;. \u012ekelkite nuotrauk\u0105 ar kelias i\u0161 \u012frenginio ir tempkite ant \u0161ablono, galite prid\u0117ti iliustracij\u0173 ir tekst\u0105. U\u017ebaigus projekt\u0105, spauskite &#8220;Add to cart&#8221; ir pereikite prie u\u017esakymo formavimo.<\/p>\n","protected":false},"featured_media":2243,"template":"","meta":{"_et_pb_use_builder":"","_et_pb_old_content":"","_et_gb_content_width":""},"product_brand":[],"product_cat":[48],"product_tag":[],"class_list":{"0":"post-2081","1":"product","2":"type-product","3":"status-publish","4":"has-post-thumbnail","6":"product_cat-puodeliai","7":"pa_spalva-balta","8":"pa_spalva-geltona","9":"pa_spalva-magiska","10":"pa_spalva-melyna","11":"pa_spalva-raudona","12":"pa_spalva-zalia","14":"first","15":"instock","16":"taxable","17":"shipping-taxable","18":"purchasable","19":"product-type-variable"},"yoast_head":"<!-- This site is optimized with the Yoast SEO plugin v27.5 - https:\/\/yoast.com\/product\/yoast-seo-wordpress\/ -->\n<title>Puodeliai - fotokopija.lt<\/title>\n<meta name=\"robots\" content=\"index, follow, max-snippet:-1, max-image-preview:large, max-video-preview:-1\" \/>\n<link rel=\"canonical\" href=\"https:\/\/fotokopija.lt\/en\/produktas\/puodelis\/\" \/>\n<meta property=\"og:locale\" content=\"en_US\" \/>\n<meta property=\"og:type\" content=\"article\" \/>\n<meta property=\"og:title\" content=\"Puodeliai - fotokopija.lt\" \/>\n<meta property=\"og:description\" content=\"Pasirinkite puodelio spalv\u0105, spauskite &#8220;CREATE&#8221;. \u012ekelkite nuotrauk\u0105 ar kelias i\u0161 \u012frenginio ir tempkite ant \u0161ablono, galite prid\u0117ti iliustracij\u0173 ir tekst\u0105. U\u017ebaigus projekt\u0105, spauskite &#8220;Add to cart&#8221; ir pereikite prie u\u017esakymo formavimo.\" \/>\n<meta property=\"og:url\" content=\"https:\/\/fotokopija.lt\/en\/produktas\/puodelis\/\" \/>\n<meta property=\"og:site_name\" content=\"fotokopija.lt\" \/>\n<meta property=\"article:modified_time\" content=\"2026-03-04T12:58:57+00:00\" \/>\n<meta property=\"og:image\" content=\"https:\/\/fotokopija.lt\/wp-content\/uploads\/puodeliai-1.webp\" \/>\n\t<meta property=\"og:image:width\" content=\"1000\" \/>\n\t<meta property=\"og:image:height\" content=\"1000\" \/>\n\t<meta property=\"og:image:type\" content=\"image\/webp\" \/>\n<meta name=\"twitter:card\" content=\"summary_large_image\" \/>\n<meta name=\"twitter:label1\" content=\"Est. reading time\" \/>\n\t<meta name=\"twitter:data1\" content=\"1 minute\" \/>\n<script type=\"application\/ld+json\" class=\"yoast-schema-graph\">{\"@context\":\"https:\\\/\\\/schema.org\",\"@graph\":[{\"@type\":\"WebPage\",\"@id\":\"https:\\\/\\\/fotokopija.lt\\\/en\\\/produktas\\\/puodelis\\\/\",\"url\":\"https:\\\/\\\/fotokopija.lt\\\/en\\\/produktas\\\/puodelis\\\/\",\"name\":\"Puodeliai - fotokopija.lt\",\"isPartOf\":{\"@id\":\"https:\\\/\\\/fotokopija.lt\\\/en\\\/#website\"},\"primaryImageOfPage\":{\"@id\":\"https:\\\/\\\/fotokopija.lt\\\/en\\\/produktas\\\/puodelis\\\/#primaryimage\"},\"image\":{\"@id\":\"https:\\\/\\\/fotokopija.lt\\\/en\\\/produktas\\\/puodelis\\\/#primaryimage\"},\"thumbnailUrl\":\"https:\\\/\\\/fotokopija.lt\\\/wp-content\\\/uploads\\\/puodeliai-1.webp\",\"datePublished\":\"2025-10-24T12:47:17+00:00\",\"dateModified\":\"2026-03-04T12:58:57+00:00\",\"breadcrumb\":{\"@id\":\"https:\\\/\\\/fotokopija.lt\\\/en\\\/produktas\\\/puodelis\\\/#breadcrumb\"},\"inLanguage\":\"en-US\",\"potentialAction\":[{\"@type\":\"ReadAction\",\"target\":[\"https:\\\/\\\/fotokopija.lt\\\/en\\\/produktas\\\/puodelis\\\/\"]}]},{\"@type\":\"ImageObject\",\"inLanguage\":\"en-US\",\"@id\":\"https:\\\/\\\/fotokopija.lt\\\/en\\\/produktas\\\/puodelis\\\/#primaryimage\",\"url\":\"https:\\\/\\\/fotokopija.lt\\\/wp-content\\\/uploads\\\/puodeliai-1.webp\",\"contentUrl\":\"https:\\\/\\\/fotokopija.lt\\\/wp-content\\\/uploads\\\/puodeliai-1.webp\",\"width\":1000,\"height\":1000},{\"@type\":\"BreadcrumbList\",\"@id\":\"https:\\\/\\\/fotokopija.lt\\\/en\\\/produktas\\\/puodelis\\\/#breadcrumb\",\"itemListElement\":[{\"@type\":\"ListItem\",\"position\":1,\"name\":\"Home\",\"item\":\"https:\\\/\\\/fotokopija.lt\\\/en\\\/\"},{\"@type\":\"ListItem\",\"position\":2,\"name\":\"Parduotuv\u0117\",\"item\":\"https:\\\/\\\/fotokopija.lt\\\/parduotuve\\\/\"},{\"@type\":\"ListItem\",\"position\":3,\"name\":\"Puodeliai\"}]},{\"@type\":\"WebSite\",\"@id\":\"https:\\\/\\\/fotokopija.lt\\\/en\\\/#website\",\"url\":\"https:\\\/\\\/fotokopija.lt\\\/en\\\/\",\"name\":\"fotokopija.lt\",\"description\":\"Fotopaslaugos \\\/ Fotoprek\u0117s\",\"potentialAction\":[{\"@type\":\"SearchAction\",\"target\":{\"@type\":\"EntryPoint\",\"urlTemplate\":\"https:\\\/\\\/fotokopija.lt\\\/en\\\/?s={search_term_string}\"},\"query-input\":{\"@type\":\"PropertyValueSpecification\",\"valueRequired\":true,\"valueName\":\"search_term_string\"}}],\"inLanguage\":\"en-US\"}]}<\/script>\n<!-- \/ Yoast SEO plugin. -->","yoast_head_json":{"title":"Puodeliai - fotokopija.lt","robots":{"index":"index","follow":"follow","max-snippet":"max-snippet:-1","max-image-preview":"max-image-preview:large","max-video-preview":"max-video-preview:-1"},"canonical":"https:\/\/fotokopija.lt\/en\/produktas\/puodelis\/","og_locale":"en_US","og_type":"article","og_title":"Puodeliai - fotokopija.lt","og_description":"Pasirinkite puodelio spalv\u0105, spauskite &#8220;CREATE&#8221;. \u012ekelkite nuotrauk\u0105 ar kelias i\u0161 \u012frenginio ir tempkite ant \u0161ablono, galite prid\u0117ti iliustracij\u0173 ir tekst\u0105. U\u017ebaigus projekt\u0105, spauskite &#8220;Add to cart&#8221; ir pereikite prie u\u017esakymo formavimo.","og_url":"https:\/\/fotokopija.lt\/en\/produktas\/puodelis\/","og_site_name":"fotokopija.lt","article_modified_time":"2026-03-04T12:58:57+00:00","og_image":[{"width":1000,"height":1000,"url":"https:\/\/fotokopija.lt\/wp-content\/uploads\/puodeliai-1.webp","type":"image\/webp"}],"twitter_card":"summary_large_image","twitter_misc":{"Est. reading time":"1 minute"},"schema":{"@context":"https:\/\/schema.org","@graph":[{"@type":"WebPage","@id":"https:\/\/fotokopija.lt\/en\/produktas\/puodelis\/","url":"https:\/\/fotokopija.lt\/en\/produktas\/puodelis\/","name":"Puodeliai - fotokopija.lt","isPartOf":{"@id":"https:\/\/fotokopija.lt\/en\/#website"},"primaryImageOfPage":{"@id":"https:\/\/fotokopija.lt\/en\/produktas\/puodelis\/#primaryimage"},"image":{"@id":"https:\/\/fotokopija.lt\/en\/produktas\/puodelis\/#primaryimage"},"thumbnailUrl":"https:\/\/fotokopija.lt\/wp-content\/uploads\/puodeliai-1.webp","datePublished":"2025-10-24T12:47:17+00:00","dateModified":"2026-03-04T12:58:57+00:00","breadcrumb":{"@id":"https:\/\/fotokopija.lt\/en\/produktas\/puodelis\/#breadcrumb"},"inLanguage":"en-US","potentialAction":[{"@type":"ReadAction","target":["https:\/\/fotokopija.lt\/en\/produktas\/puodelis\/"]}]},{"@type":"ImageObject","inLanguage":"en-US","@id":"https:\/\/fotokopija.lt\/en\/produktas\/puodelis\/#primaryimage","url":"https:\/\/fotokopija.lt\/wp-content\/uploads\/puodeliai-1.webp","contentUrl":"https:\/\/fotokopija.lt\/wp-content\/uploads\/puodeliai-1.webp","width":1000,"height":1000},{"@type":"BreadcrumbList","@id":"https:\/\/fotokopija.lt\/en\/produktas\/puodelis\/#breadcrumb","itemListElement":[{"@type":"ListItem","position":1,"name":"Home","item":"https:\/\/fotokopija.lt\/en\/"},{"@type":"ListItem","position":2,"name":"Parduotuv\u0117","item":"https:\/\/fotokopija.lt\/parduotuve\/"},{"@type":"ListItem","position":3,"name":"Puodeliai"}]},{"@type":"WebSite","@id":"https:\/\/fotokopija.lt\/en\/#website","url":"https:\/\/fotokopija.lt\/en\/","name":"fotokopija.lt","description":"Fotopaslaugos \/ Fotoprek\u0117s","potentialAction":[{"@type":"SearchAction","target":{"@type":"EntryPoint","urlTemplate":"https:\/\/fotokopija.lt\/en\/?s={search_term_string}"},"query-input":{"@type":"PropertyValueSpecification","valueRequired":true,"valueName":"search_term_string"}}],"inLanguage":"en-US"}]}},"_links":{"self":[{"href":"https:\/\/fotokopija.lt\/en\/wp-json\/wp\/v2\/product\/2081","targetHints":{"allow":["GET"]}}],"collection":[{"href":"https:\/\/fotokopija.lt\/en\/wp-json\/wp\/v2\/product"}],"about":[{"href":"https:\/\/fotokopija.lt\/en\/wp-json\/wp\/v2\/types\/product"}],"wp:featuredmedia":[{"embeddable":true,"href":"https:\/\/fotokopija.lt\/en\/wp-json\/wp\/v2\/media\/2243"}],"wp:attachment":[{"href":"https:\/\/fotokopija.lt\/en\/wp-json\/wp\/v2\/media?parent=2081"}],"wp:term":[{"taxonomy":"product_brand","embeddable":true,"href":"https:\/\/fotokopija.lt\/en\/wp-json\/wp\/v2\/product_brand?post=2081"},{"taxonomy":"product_cat","embeddable":true,"href":"https:\/\/fotokopija.lt\/en\/wp-json\/wp\/v2\/product_cat?post=2081"},{"taxonomy":"product_tag","embeddable":true,"href":"https:\/\/fotokopija.lt\/en\/wp-json\/wp\/v2\/product_tag?post=2081"}],"curies":[{"name":"wp","href":"https:\/\/api.w.org\/{rel}","templated":true}]}}