{"id":1925,"date":"2025-11-27T09:43:29","date_gmt":"2025-11-27T07:43:29","guid":{"rendered":"https:\/\/fotokopija.lt\/?post_type=product&#038;p=1925"},"modified":"2026-04-22T12:34:46","modified_gmt":"2026-04-22T09:34:46","slug":"nuotraukos","status":"publish","type":"product","link":"https:\/\/fotokopija.lt\/en\/produktas\/nuotraukos\/","title":{"rendered":"Nuotraukos"},"content":{"rendered":"<p>\u012evairaus dyd\u017eio nuotraukos ant blizgaus ar matinio popieriaus, su baltu, juodu r\u0117meliu ar be jo! Pasirinkite norim\u0105 dyd\u012f, spauskite &#8220;Kurti dabar&#8221;. \u012ekelkite nuotraukas i\u0161 kompiuterio, mobilaus telefono, Facebook.. Spustel\u0117kite nuotrauk\u0105, nor\u0117dami kadruoti, keisti atspalv\u012f. Spustelite \u201eAdd to cart\u201d, kad u\u017ebaigtum\u0117te u\u017esakym\u0105 ir pasirinktum\u0117te mok\u0117jimo b\u016bd\u0105.<\/p>\n","protected":false},"excerpt":{"rendered":"<p>\u012evairaus dyd\u017eio nuotraukos ant blizgaus ar matinio popieriaus, su baltu, juodu r\u0117meliu ar be jo! Pasirinkite norim\u0105 dyd\u012f, spauskite &#8220;Kurti dabar&#8221;. \u012ekelkite nuotraukas i\u0161 kompiuterio, mobilaus telefono, Facebook.. Spustel\u0117kite nuotrauk\u0105, nor\u0117dami kadruoti, keisti atspalv\u012f. Spustelite \u201eAdd to cart\u201d, kad u\u017ebaigtum\u0117te u\u017esakym\u0105 ir pasirinktum\u0117te mok\u0117jimo b\u016bd\u0105.<\/p>\n","protected":false},"featured_media":2193,"template":"","meta":{"_et_pb_use_builder":"off","_et_pb_old_content":"\u012evairaus dyd\u017eio nuotraukos ant blizgaus ar matinio popieriaus, su baltu, juodu r\u0117meliu ar be jo! Pasirinkite norim\u0105 dyd\u012f, spauskite \"Kurti dabar\". \u012ekelkite nuotraukas i\u0161 kompiuterio, mobilaus telefono, Facebook.. Spustel\u0117kite nuotrauk\u0105, nor\u0117dami kadruoti, keisti atspalv\u012f. Spustelite \u201eAdd to cart\u201d, kad u\u017ebaigtum\u0117te u\u017esakym\u0105 ir pasirinktum\u0117te mok\u0117jimo b\u016bd\u0105.","_et_gb_content_width":""},"product_brand":[],"product_cat":[33,57],"product_tag":[],"class_list":{"0":"post-1925","1":"product","2":"type-product","3":"status-publish","4":"has-post-thumbnail","6":"product_cat-nuotraukos","7":"product_cat-produktai","9":"first","10":"instock","11":"taxable","12":"shipping-taxable","13":"purchasable","14":"product-type-variable"},"yoast_head":"<!-- This site is optimized with the Yoast SEO plugin v27.2 - https:\/\/yoast.com\/product\/yoast-seo-wordpress\/ -->\n<title>Nuotraukos - fotokopija.lt<\/title>\n<meta name=\"robots\" content=\"index, follow, max-snippet:-1, max-image-preview:large, max-video-preview:-1\" \/>\n<link rel=\"canonical\" href=\"https:\/\/fotokopija.lt\/en\/produktas\/nuotraukos\/\" \/>\n<meta property=\"og:locale\" content=\"en_US\" \/>\n<meta property=\"og:type\" content=\"article\" \/>\n<meta property=\"og:title\" content=\"Nuotraukos - fotokopija.lt\" \/>\n<meta property=\"og:description\" content=\"\u012evairaus dyd\u017eio nuotraukos ant blizgaus ar matinio popieriaus, su baltu, juodu r\u0117meliu ar be jo! Pasirinkite norim\u0105 dyd\u012f, spauskite &#8220;Kurti dabar&#8221;. \u012ekelkite nuotraukas i\u0161 kompiuterio, mobilaus telefono, Facebook.. Spustel\u0117kite nuotrauk\u0105, nor\u0117dami kadruoti, keisti atspalv\u012f. Spustelite \u201eAdd to cart\u201d, kad u\u017ebaigtum\u0117te u\u017esakym\u0105 ir pasirinktum\u0117te mok\u0117jimo b\u016bd\u0105.\" \/>\n<meta property=\"og:url\" content=\"https:\/\/fotokopija.lt\/en\/produktas\/nuotraukos\/\" \/>\n<meta property=\"og:site_name\" content=\"fotokopija.lt\" \/>\n<meta property=\"article:modified_time\" content=\"2026-04-22T09:34:46+00:00\" \/>\n<meta property=\"og:image\" content=\"https:\/\/fotokopija.lt\/wp-content\/uploads\/02-Artboard-2-80.jpg\" \/>\n\t<meta property=\"og:image:width\" content=\"1000\" \/>\n\t<meta property=\"og:image:height\" content=\"1000\" \/>\n\t<meta property=\"og:image:type\" content=\"image\/jpeg\" \/>\n<meta name=\"twitter:card\" content=\"summary_large_image\" \/>\n<meta name=\"twitter:label1\" content=\"Est. reading time\" \/>\n\t<meta name=\"twitter:data1\" content=\"1 minute\" \/>\n<script type=\"application\/ld+json\" class=\"yoast-schema-graph\">{\"@context\":\"https:\/\/schema.org\",\"@graph\":[{\"@type\":\"WebPage\",\"@id\":\"https:\/\/fotokopija.lt\/en\/produktas\/nuotraukos\/\",\"url\":\"https:\/\/fotokopija.lt\/en\/produktas\/nuotraukos\/\",\"name\":\"Nuotraukos - fotokopija.lt\",\"isPartOf\":{\"@id\":\"https:\/\/fotokopija.lt\/en\/#website\"},\"primaryImageOfPage\":{\"@id\":\"https:\/\/fotokopija.lt\/en\/produktas\/nuotraukos\/#primaryimage\"},\"image\":{\"@id\":\"https:\/\/fotokopija.lt\/en\/produktas\/nuotraukos\/#primaryimage\"},\"thumbnailUrl\":\"https:\/\/fotokopija.lt\/wp-content\/uploads\/02-Artboard-2-80.jpg\",\"datePublished\":\"2025-11-27T07:43:29+00:00\",\"dateModified\":\"2026-04-22T09:34:46+00:00\",\"breadcrumb\":{\"@id\":\"https:\/\/fotokopija.lt\/en\/produktas\/nuotraukos\/#breadcrumb\"},\"inLanguage\":\"en-US\",\"potentialAction\":[{\"@type\":\"ReadAction\",\"target\":[\"https:\/\/fotokopija.lt\/en\/produktas\/nuotraukos\/\"]}]},{\"@type\":\"ImageObject\",\"inLanguage\":\"en-US\",\"@id\":\"https:\/\/fotokopija.lt\/en\/produktas\/nuotraukos\/#primaryimage\",\"url\":\"https:\/\/fotokopija.lt\/wp-content\/uploads\/02-Artboard-2-80.jpg\",\"contentUrl\":\"https:\/\/fotokopija.lt\/wp-content\/uploads\/02-Artboard-2-80.jpg\",\"width\":1000,\"height\":1000},{\"@type\":\"BreadcrumbList\",\"@id\":\"https:\/\/fotokopija.lt\/en\/produktas\/nuotraukos\/#breadcrumb\",\"itemListElement\":[{\"@type\":\"ListItem\",\"position\":1,\"name\":\"Home\",\"item\":\"https:\/\/fotokopija.lt\/en\/\"},{\"@type\":\"ListItem\",\"position\":2,\"name\":\"Parduotuv\u0117\",\"item\":\"https:\/\/fotokopija.lt\/parduotuve\/\"},{\"@type\":\"ListItem\",\"position\":3,\"name\":\"Nuotraukos\"}]},{\"@type\":\"WebSite\",\"@id\":\"https:\/\/fotokopija.lt\/en\/#website\",\"url\":\"https:\/\/fotokopija.lt\/en\/\",\"name\":\"fotokopija.lt\",\"description\":\"Fotopaslaugos \/ Fotoprek\u0117s\",\"potentialAction\":[{\"@type\":\"SearchAction\",\"target\":{\"@type\":\"EntryPoint\",\"urlTemplate\":\"https:\/\/fotokopija.lt\/en\/?s={search_term_string}\"},\"query-input\":{\"@type\":\"PropertyValueSpecification\",\"valueRequired\":true,\"valueName\":\"search_term_string\"}}],\"inLanguage\":\"en-US\"}]}<\/script>\n<!-- \/ Yoast SEO plugin. -->","yoast_head_json":{"title":"Nuotraukos - fotokopija.lt","robots":{"index":"index","follow":"follow","max-snippet":"max-snippet:-1","max-image-preview":"max-image-preview:large","max-video-preview":"max-video-preview:-1"},"canonical":"https:\/\/fotokopija.lt\/en\/produktas\/nuotraukos\/","og_locale":"en_US","og_type":"article","og_title":"Nuotraukos - fotokopija.lt","og_description":"\u012evairaus dyd\u017eio nuotraukos ant blizgaus ar matinio popieriaus, su baltu, juodu r\u0117meliu ar be jo! Pasirinkite norim\u0105 dyd\u012f, spauskite &#8220;Kurti dabar&#8221;. \u012ekelkite nuotraukas i\u0161 kompiuterio, mobilaus telefono, Facebook.. Spustel\u0117kite nuotrauk\u0105, nor\u0117dami kadruoti, keisti atspalv\u012f. Spustelite \u201eAdd to cart\u201d, kad u\u017ebaigtum\u0117te u\u017esakym\u0105 ir pasirinktum\u0117te mok\u0117jimo b\u016bd\u0105.","og_url":"https:\/\/fotokopija.lt\/en\/produktas\/nuotraukos\/","og_site_name":"fotokopija.lt","article_modified_time":"2026-04-22T09:34:46+00:00","og_image":[{"width":1000,"height":1000,"url":"https:\/\/fotokopija.lt\/wp-content\/uploads\/02-Artboard-2-80.jpg","type":"image\/jpeg"}],"twitter_card":"summary_large_image","twitter_misc":{"Est. reading time":"1 minute"},"schema":{"@context":"https:\/\/schema.org","@graph":[{"@type":"WebPage","@id":"https:\/\/fotokopija.lt\/en\/produktas\/nuotraukos\/","url":"https:\/\/fotokopija.lt\/en\/produktas\/nuotraukos\/","name":"Nuotraukos - fotokopija.lt","isPartOf":{"@id":"https:\/\/fotokopija.lt\/en\/#website"},"primaryImageOfPage":{"@id":"https:\/\/fotokopija.lt\/en\/produktas\/nuotraukos\/#primaryimage"},"image":{"@id":"https:\/\/fotokopija.lt\/en\/produktas\/nuotraukos\/#primaryimage"},"thumbnailUrl":"https:\/\/fotokopija.lt\/wp-content\/uploads\/02-Artboard-2-80.jpg","datePublished":"2025-11-27T07:43:29+00:00","dateModified":"2026-04-22T09:34:46+00:00","breadcrumb":{"@id":"https:\/\/fotokopija.lt\/en\/produktas\/nuotraukos\/#breadcrumb"},"inLanguage":"en-US","potentialAction":[{"@type":"ReadAction","target":["https:\/\/fotokopija.lt\/en\/produktas\/nuotraukos\/"]}]},{"@type":"ImageObject","inLanguage":"en-US","@id":"https:\/\/fotokopija.lt\/en\/produktas\/nuotraukos\/#primaryimage","url":"https:\/\/fotokopija.lt\/wp-content\/uploads\/02-Artboard-2-80.jpg","contentUrl":"https:\/\/fotokopija.lt\/wp-content\/uploads\/02-Artboard-2-80.jpg","width":1000,"height":1000},{"@type":"BreadcrumbList","@id":"https:\/\/fotokopija.lt\/en\/produktas\/nuotraukos\/#breadcrumb","itemListElement":[{"@type":"ListItem","position":1,"name":"Home","item":"https:\/\/fotokopija.lt\/en\/"},{"@type":"ListItem","position":2,"name":"Parduotuv\u0117","item":"https:\/\/fotokopija.lt\/parduotuve\/"},{"@type":"ListItem","position":3,"name":"Nuotraukos"}]},{"@type":"WebSite","@id":"https:\/\/fotokopija.lt\/en\/#website","url":"https:\/\/fotokopija.lt\/en\/","name":"fotokopija.lt","description":"Fotopaslaugos \/ Fotoprek\u0117s","potentialAction":[{"@type":"SearchAction","target":{"@type":"EntryPoint","urlTemplate":"https:\/\/fotokopija.lt\/en\/?s={search_term_string}"},"query-input":{"@type":"PropertyValueSpecification","valueRequired":true,"valueName":"search_term_string"}}],"inLanguage":"en-US"}]}},"_links":{"self":[{"href":"https:\/\/fotokopija.lt\/en\/wp-json\/wp\/v2\/product\/1925","targetHints":{"allow":["GET"]}}],"collection":[{"href":"https:\/\/fotokopija.lt\/en\/wp-json\/wp\/v2\/product"}],"about":[{"href":"https:\/\/fotokopija.lt\/en\/wp-json\/wp\/v2\/types\/product"}],"wp:featuredmedia":[{"embeddable":true,"href":"https:\/\/fotokopija.lt\/en\/wp-json\/wp\/v2\/media\/2193"}],"wp:attachment":[{"href":"https:\/\/fotokopija.lt\/en\/wp-json\/wp\/v2\/media?parent=1925"}],"wp:term":[{"taxonomy":"product_brand","embeddable":true,"href":"https:\/\/fotokopija.lt\/en\/wp-json\/wp\/v2\/product_brand?post=1925"},{"taxonomy":"product_cat","embeddable":true,"href":"https:\/\/fotokopija.lt\/en\/wp-json\/wp\/v2\/product_cat?post=1925"},{"taxonomy":"product_tag","embeddable":true,"href":"https:\/\/fotokopija.lt\/en\/wp-json\/wp\/v2\/product_tag?post=1925"}],"curies":[{"name":"wp","href":"https:\/\/api.w.org\/{rel}","templated":true}]}}